{"id":7294,"date":"2025-05-14T05:41:00","date_gmt":"2025-05-14T05:41:00","guid":{"rendered":"https:\/\/hengowebsite.luong.fr\/?page_id=7294"},"modified":"2025-05-14T05:41:00","modified_gmt":"2025-05-14T05:41:00","slug":"configurer-le-pare-feu-firewall-et-selinux","status":"publish","type":"page","link":"https:\/\/hengowebsite.luong.fr\/?page_id=7294","title":{"rendered":"Configurer le pare-feu (firewall) et SELinux"},"content":{"rendered":"<section class=\"av_textblock_section \"  itemscope=\"itemscope\" itemtype=\"https:\/\/schema.org\/CreativeWork\" ><div class='avia_textblock  '   itemprop=\"text\" ><h4><span style=\"color: #ff0000;\"><em><strong>Configurer le pare-feu (firewall) et SELinux est essentiel pour garantir la s\u00e9curit\u00e9 de votre serveur ou de votre syst\u00e8me d&rsquo;exploitation Linux. Voici plusieurs raisons pour lesquelles ces configurations sont importantes :<\/strong><\/em><\/span><\/h4>\n<h2><strong><br \/>\n### 1. Protection contre les menaces externes<\/strong><\/h2>\n<h4><strong><br \/>\n&#8211; *Pare-feu* : Il agit comme une barri\u00e8re entre votre r\u00e9seau interne et l&rsquo;ext\u00e9rieur, filtrant le trafic entrant et sortant. Il permet de bloquer les connexions non autoris\u00e9es et de prot\u00e9ger les services expos\u00e9s sur Internet.<\/strong><\/h4>\n<h4>&nbsp;<\/h4>\n<h2><strong>### 2. Limitation des acc\u00e8s non autoris\u00e9s<\/strong><\/h2>\n<h4><strong><br \/>\n&#8211; *SELinux (Security-Enhanced Linux)* : C&rsquo;est un module de s\u00e9curit\u00e9 qui impose des politiques de contr\u00f4le d&rsquo;acc\u00e8s. M\u00eame si un attaquant parvient \u00e0 obtenir un acc\u00e8s utilisateur sur votre syst\u00e8me, SELinux peut emp\u00eacher l&rsquo;acc\u00e8s \u00e0 des fichiers ou \u00e0 des processus sensibles.<\/strong><\/h4>\n<h2><strong><br \/>\n### 3. Protection des donn\u00e9es sensibles<\/strong><\/h2>\n<h4><strong><br \/>\n&#8211; Configurer correctement ces outils peut vous aider \u00e0 prot\u00e9ger des donn\u00e9es sensibles sur les syst\u00e8mes, en s&rsquo;assurant que seules les applications et les utilisateurs autoris\u00e9s peuvent y acc\u00e9der.<\/strong><\/h4>\n<h2><strong><br \/>\n### 4. Conformit\u00e9 r\u00e9glementaire<\/strong><\/h2>\n<h4><strong><br \/>\n&#8211; Dans de nombreux secteurs, il existe des exigences l\u00e9gales ou r\u00e9glementaires pour prot\u00e9ger les donn\u00e9es et garantir la s\u00e9curit\u00e9 des syst\u00e8mes. Le d\u00e9ploiement de pare-feu et de SELinux peut vous aider \u00e0 \u00eatre en conformit\u00e9.<\/strong><\/h4>\n<h2><strong><br \/>\n### 5. Renforcement de la s\u00e9curit\u00e9<\/strong><\/h2>\n<h4><strong><br \/>\n&#8211; Ensemble, le pare-feu et SELinux forment une d\u00e9fense en profondeur, rendant plus difficile l&rsquo;exploitation des vuln\u00e9rabilit\u00e9s, en ajoutant plusieurs couches de s\u00e9curit\u00e9.<\/strong><\/h4>\n<h2><strong><br \/>\n### 6. Surveiller et enregistrer les acc\u00e8s<\/strong><\/h2>\n<h4><strong><br \/>\n&#8211; Les pare-feux peuvent \u00eatre configur\u00e9s pour enregistrer les connexions, ce qui permet de surveiller et d&rsquo;analyser le trafic afin de d\u00e9tecter des comportements suspects.<\/strong><\/h4>\n<h2><strong><br \/>\n### 7. Facilit\u00e9 de gestion des acc\u00e8s<\/strong><\/h2>\n<h4><strong><br \/>\n&#8211; Le pare-feu permet de g\u00e9rer facilement les r\u00e8gles d&rsquo;acc\u00e8s pour diff\u00e9rents services, r\u00e9duisant la surface d&rsquo;attaque de votre serveur.<\/strong><\/h4>\n<h2><strong><br \/>\n### 8. Adaptabilit\u00e9<\/strong><\/h2>\n<h4><strong>&#8211; Les deux syst\u00e8mes (pare-feu et SELinux) peuvent \u00eatre configur\u00e9s pour s\u2019adapter aux besoins sp\u00e9cifiques de votre environnement, que ce soit pour des applications web, des bases de donn\u00e9es ou d&rsquo;autres services.<\/strong><\/h4>\n<h2><strong><br \/>\n### Conclusion<\/strong><\/h2>\n<h4><strong><br \/>\nConfigurer le pare-feu et SELinux est une \u00e9tape cruciale pour toute bonne pratique de s\u00e9curit\u00e9 informatique. Cela vous permettra de renforcer la s\u00e9curit\u00e9 de votre environnement, de prot\u00e9ger vos donn\u00e9es et de pr\u00e9venir d&rsquo;\u00e9ventuelles intrusions ou violations&nbsp;de&nbsp;s\u00e9curit\u00e9.<\/strong><\/h4>\n<\/div><\/section>\n","protected":false},"excerpt":{"rendered":"","protected":false},"author":1,"featured_media":0,"parent":0,"menu_order":0,"comment_status":"closed","ping_status":"closed","template":"","meta":{"ngg_post_thumbnail":0},"_links":{"self":[{"href":"https:\/\/hengowebsite.luong.fr\/index.php?rest_route=\/wp\/v2\/pages\/7294"}],"collection":[{"href":"https:\/\/hengowebsite.luong.fr\/index.php?rest_route=\/wp\/v2\/pages"}],"about":[{"href":"https:\/\/hengowebsite.luong.fr\/index.php?rest_route=\/wp\/v2\/types\/page"}],"author":[{"embeddable":true,"href":"https:\/\/hengowebsite.luong.fr\/index.php?rest_route=\/wp\/v2\/users\/1"}],"replies":[{"embeddable":true,"href":"https:\/\/hengowebsite.luong.fr\/index.php?rest_route=%2Fwp%2Fv2%2Fcomments&post=7294"}],"version-history":[{"count":1,"href":"https:\/\/hengowebsite.luong.fr\/index.php?rest_route=\/wp\/v2\/pages\/7294\/revisions"}],"predecessor-version":[{"id":7295,"href":"https:\/\/hengowebsite.luong.fr\/index.php?rest_route=\/wp\/v2\/pages\/7294\/revisions\/7295"}],"wp:attachment":[{"href":"https:\/\/hengowebsite.luong.fr\/index.php?rest_route=%2Fwp%2Fv2%2Fmedia&parent=7294"}],"curies":[{"name":"wp","href":"https:\/\/api.w.org\/{rel}","templated":true}]}}