{"id":6730,"date":"2022-02-13T07:36:06","date_gmt":"2022-02-13T07:36:06","guid":{"rendered":"https:\/\/hengowebsite.luong.fr\/?page_id=6730"},"modified":"2022-02-13T07:36:06","modified_gmt":"2022-02-13T07:36:06","slug":"sms-dlkea_d620a_linux_2-0-1eu_201209","status":"publish","type":"page","link":"https:\/\/hengowebsite.luong.fr\/?page_id=6730","title":{"rendered":"SMS-DLKEA_D620A_linux_2.0.1EU_201209"},"content":{"rendered":"<section class=\"av_textblock_section \"  itemscope=\"itemscope\" itemtype=\"https:\/\/schema.org\/CreativeWork\" ><div class='avia_textblock  '   itemprop=\"text\" ><h1 class=\"heading heading--primary\">Comment installer ma carte DWM-222 sur Ubuntu ?<\/h1>\n<p>Suivez les \u00e9tapes suivantes pour installer votre DWM-222 sur Ubuntu.<\/p>\n<p>\u00c9tape 1 :&nbsp;Connectez votre adaptateur avec sa carte SIM (pensez au pr\u00e9alable \u00e0 d\u00e9sactiver le code PIN de la carte en utilisant un t\u00e9l\u00e9phone portable par exemple) dans un port USB libre de votre ordinateur.<\/p>\n<p>1.1&nbsp;v\u00e9rifiez la pr\u00e9sence du p\u00e9riph\u00e9rique avec la commande :<br \/>\nls \/dev\/sr*<br \/>\nAppuyez sur&nbsp;Entr\u00e9e<br \/>\n<img decoding=\"async\" src=\"https:\/\/eu.dlink.com\/fr\/fr\/-\/media\/faqs\/uk\/dwm\/dwm-222\/dwm_222_linux_install_001.png?h=111&amp;w=650\" alt=\"DWM_222_Linux_Install\"><\/p>\n<p>Si le syst\u00e8me vous retourne le message suivant, cela veut dire que le logiciel n&rsquo;a pas \u00e9t\u00e9 install\u00e9 pr\u00e9c\u00e9demment :<br \/>\n<img decoding=\"async\" src=\"https:\/\/eu.dlink.com\/fr\/fr\/-\/media\/faqs\/uk\/dwm\/dwm-222\/dwm_222_linux_install_002.png?h=50&amp;w=650\" alt=\"DWM_222_Linux_Install\"><\/p>\n<p>Vous pouvez d\u00e9sinstaller le logiciel avec la commande :<br \/>\n<strong>cd \/home<br \/>\nls<br \/>\nsudo .\/uninstall.sh&nbsp; &nbsp;<\/strong><\/p>\n<p><strong>1.2<\/strong>&nbsp;Montage :<br \/>\nUtilisez la commande :<br \/>\n<strong>sudo mount \/dev\/sr0&nbsp; \/mnt<\/strong><br \/>\nAppuyez sur&nbsp;<strong>Entr\u00e9e<\/strong><br \/>\n<img decoding=\"async\" src=\"https:\/\/eu.dlink.com\/fr\/fr\/-\/media\/faqs\/uk\/dwm\/dwm-222\/dwm_222_linux_install_003.png?h=54&amp;w=650\" alt=\"DWM_222_Linux_Install\"><\/p>\n<p><strong>1.3<\/strong>&nbsp;V\u00e9rifiez le r\u00e9sultat du montage en utilisant la commande :<br \/>\n<strong>cd \/mnt<br \/>\nls&nbsp;<\/strong><br \/>\nAppuyez sur&nbsp;<strong>Entr\u00e9e<\/strong><\/p>\n<p><img decoding=\"async\" src=\"https:\/\/eu.dlink.com\/fr\/fr\/-\/media\/faqs\/uk\/dwm\/dwm-222\/dwm_222_linux_install_004.png?h=120&amp;w=650\" alt=\"DWM_222_Linux_Install\"><br \/>\n<strong>Si le syst\u00e8me retourne le message si dessous (xxx.gz au lieu de xxx.deb), alors le montage est r\u00e9ussi.<\/strong><\/p>\n<p>\u00c9tape&nbsp;2 :&nbsp;Installation<br \/>\nInstallez le logiciel en utilisant la commande :<br \/>\nsudo cp xxx.gz \/home&nbsp; &nbsp; &nbsp; &nbsp;<br \/>\ncd \/home<br \/>\nls<br \/>\nsudo tar \u2013xf xxx.gz<br \/>\nls<br \/>\nsudo .\/install.sh&nbsp; &nbsp; &nbsp; &nbsp;&nbsp;<\/p>\n<p>Appuyez sur&nbsp;Entr\u00e9e<br \/>\n<img decoding=\"async\" src=\"https:\/\/eu.dlink.com\/fr\/fr\/-\/media\/faqs\/uk\/dwm\/dwm-222\/dwm_222_linux_install_005.png?h=275&amp;w=650\" alt=\"DWM_222_Linux_Install\"><\/p>\n<p><img decoding=\"async\" src=\"https:\/\/eu.dlink.com\/fr\/fr\/-\/media\/faqs\/uk\/dwm\/dwm-222\/dwm_222_linux_install_006.png?h=259&amp;w=650\" alt=\"DWM_222_Linux_Install\"><\/p>\n<p><img decoding=\"async\" src=\"https:\/\/eu.dlink.com\/fr\/fr\/-\/media\/faqs\/uk\/dwm\/dwm-222\/dwm_222_linux_install_007.png?h=254&amp;w=650\" alt=\"DWM_222_Linux_Install\"><\/p>\n<p><img decoding=\"async\" src=\"https:\/\/eu.dlink.com\/fr\/fr\/-\/media\/faqs\/uk\/dwm\/dwm-222\/dwm_222_linux_install_008.png?h=189&amp;w=650\" alt=\"DWM_222_Linux_Install\"><\/p>\n<p>L&rsquo;installation est termin\u00e9e lorsque le syst\u00e8me affiche&nbsp;<strong>Install finished<\/strong>&nbsp;(Installation termin\u00e9e).<br \/>\n[Note : d\u00e9connectez l&rsquo;adaptateur imm\u00e9diatement apr\u00e8s l&rsquo;installation.]<br \/>\n[Lorsque le verrouillage de l&rsquo;appareil et le code PIN sont d\u00e9sactiv\u00e9s, connectez l&rsquo;adaptateur et il se connectera automatiquement \u00e0 internet. Les \u00e9tapes suivantes peuvent \u00eatre ignor\u00e9es.]<br \/>\n&nbsp;<br \/>\n<strong>\u00c9tape 3 :<\/strong>&nbsp;Connexion \u00e0 Internet<br \/>\n<strong>3.1<\/strong>&nbsp;D\u00e9verrouillez l&rsquo;appareil.<br \/>\nL&rsquo;\u00e9tat par d\u00e9faut du verrouillage de l&rsquo;appareil est activ\u00e9. Vous devez donc d\u00e9verrouillez l&rsquo;appareil avant d&rsquo;utiliser l&rsquo;adaptateur.<br \/>\nAvant tout, v\u00e9rifiez le port COM avec la commande :<br \/>\n<strong>ls \/dev\/tty*<\/strong><br \/>\nAppuyez sur&nbsp;<strong>Entr\u00e9e<\/strong><\/p>\n<p><img decoding=\"async\" src=\"https:\/\/eu.dlink.com\/fr\/fr\/-\/media\/faqs\/uk\/dwm\/dwm-222\/dwm_222_linux_install_009.png?h=394&amp;w=650\" alt=\"DWM_222_Linux_Install\"><\/p>\n<p>Si les ports COM apparaissent comme ci-dessus, le commutation est r\u00e9ussie.<\/p>\n<p><strong>3.2<\/strong>&nbsp;Connexion \u00e0 Internet.<br \/>\nLe logiciel vous connectera automatiquement apr\u00e8s que le p\u00e9riph\u00e9rique sera d\u00e9verrouill\u00e9.<\/p>\n<p><strong>3.3<\/strong>&nbsp;V\u00e9rifiez la connexion Internet :<br \/>\n1) Utilisez la commande :<br \/>\n<strong>ping www.baidu.com<\/strong><br \/>\nL&rsquo;URL et l&rsquo;adresse IP peuvent-elles \u00eatre jointes ?<br \/>\n<img decoding=\"async\" src=\"https:\/\/eu.dlink.com\/fr\/fr\/-\/media\/faqs\/uk\/dwm\/dwm-222\/dwm_222_linux_install_010.png?h=136&amp;w=650\" alt=\"DWM_222_Linux_Install\"><br \/>\n2) Naviguez sur Internet en utilisant votre navigateur pr\u00e9f\u00e9r\u00e9.<\/p>\n<p>Installation : SmsProd : 192.168.1.49<\/p>\n<p>Package : \/local\/appli\/sms\/SMS\/DLKEA_D620A_linux_2.0.1EU_201209.tar.gz<\/p>\n<p>&nbsp;<\/p>\n<\/div><\/section>\n","protected":false},"excerpt":{"rendered":"","protected":false},"author":1,"featured_media":0,"parent":0,"menu_order":0,"comment_status":"closed","ping_status":"closed","template":"","meta":{"ngg_post_thumbnail":0},"_links":{"self":[{"href":"https:\/\/hengowebsite.luong.fr\/index.php?rest_route=\/wp\/v2\/pages\/6730"}],"collection":[{"href":"https:\/\/hengowebsite.luong.fr\/index.php?rest_route=\/wp\/v2\/pages"}],"about":[{"href":"https:\/\/hengowebsite.luong.fr\/index.php?rest_route=\/wp\/v2\/types\/page"}],"author":[{"embeddable":true,"href":"https:\/\/hengowebsite.luong.fr\/index.php?rest_route=\/wp\/v2\/users\/1"}],"replies":[{"embeddable":true,"href":"https:\/\/hengowebsite.luong.fr\/index.php?rest_route=%2Fwp%2Fv2%2Fcomments&post=6730"}],"version-history":[{"count":1,"href":"https:\/\/hengowebsite.luong.fr\/index.php?rest_route=\/wp\/v2\/pages\/6730\/revisions"}],"predecessor-version":[{"id":6731,"href":"https:\/\/hengowebsite.luong.fr\/index.php?rest_route=\/wp\/v2\/pages\/6730\/revisions\/6731"}],"wp:attachment":[{"href":"https:\/\/hengowebsite.luong.fr\/index.php?rest_route=%2Fwp%2Fv2%2Fmedia&parent=6730"}],"curies":[{"name":"wp","href":"https:\/\/api.w.org\/{rel}","templated":true}]}}