{"id":6677,"date":"2021-10-22T14:14:44","date_gmt":"2021-10-22T14:14:44","guid":{"rendered":"https:\/\/hengowebsite.luong.fr\/?page_id=6677"},"modified":"2022-03-09T16:52:16","modified_gmt":"2022-03-09T16:52:16","slug":"olivier-paul-2021","status":"publish","type":"page","link":"https:\/\/hengowebsite.luong.fr\/?page_id=6677","title":{"rendered":"Olivier-Paul 2021"},"content":{"rendered":"<div class=\"flex_column av_one_full  flex_column_div av-zero-column-padding first  avia-builder-el-0  el_before_av_one_full  avia-builder-el-first  \" style='border-radius:0px; '><section class=\"av_textblock_section \"  itemscope=\"itemscope\" itemtype=\"https:\/\/schema.org\/CreativeWork\" ><div class='avia_textblock  '   itemprop=\"text\" ><h1>09.03.2022<\/h1>\n<p><strong>crontab<\/strong>: planification d&rsquo;une t\u00e2che p\u00e9riodique<\/p>\n<ul>\n<li>champ 1: minutes (0 \u00e0 59)<\/li>\n<li>champ 2: heures (1 \u00e0 23)<\/li>\n<li>champs 3: jour du mois (1 \u00e0 31)<\/li>\n<li>champs 4: mois (1 \u00e0 12)<\/li>\n<li>champs 5: jour de la semaine (0 \u00e0 6 (0=dimanche, 6=samedi))<\/li>\n<li>champs 6: commande<\/li>\n<\/ul>\n<p><strong>crontab -l<\/strong>: permet de lister le fichier de planification<\/p>\n<p><strong>vi CRON<\/strong>: ouvrir et param\u00e9trer le fichier CRON<\/p>\n<p><strong>* * * * * \/usr\/bin\/echo bonjour &gt;&gt; \/home\/stage1\/bonjour<\/strong>: \u00e9crit le texte \u00ab\u00a0bonjour\u00a0\u00bb dans un fichier \/home\/stage1\/bonjour toutes les minutes<\/p>\n<p><strong>tail -f<\/strong>: permet de lire un fichier en temps r\u00e9el<\/p>\n<p><strong>tail -f texte.txt<\/strong>: lire le fichier \u00ab\u00a0texte.txt\u00a0\u00bb en temps r\u00e9el<\/p>\n<\/div><\/section><\/div><div class=\"flex_column av_one_full  flex_column_div av-zero-column-padding first  avia-builder-el-2  el_after_av_one_full  el_before_av_one_full  column-top-margin\" style='border-radius:0px; '><section class=\"av_textblock_section \"  itemscope=\"itemscope\" itemtype=\"https:\/\/schema.org\/CreativeWork\" ><div class='avia_textblock  '   itemprop=\"text\" ><h1>03.03.2022<\/h1>\n<p>Le Korn-shell permet de rappeler les commandes pr\u00e9c\u00e9demment utilis\u00e9es et utiliser les lignes de commandes.<\/p>\n<p>Passer en Korn-shell:<\/p>\n<p><strong>ksh<\/strong><\/p>\n<p>Configurer:<\/p>\n<p><strong>set -o vi<\/strong><\/p>\n<p>pour pouvoir utiliser le rappel de commandes.<\/p>\n<p><strong>df<\/strong>: (disk free) renseigne sur le nombre de blocs libres<\/p>\n<p><strong>df -k<\/strong>: en kilo octets<\/p>\n<p><strong>df -h<\/strong>: en Giga octets<\/p>\n<p><strong>uname<\/strong>: affiche diverses caract\u00e9ristiques du syst\u00e8me (nom, version, architecture, nom r\u00e9seau&#8230;)<\/p>\n<p><strong>file<\/strong>: permet connaitre le type de contenu du fichier<\/p>\n<p><strong>find<\/strong>: rechercher des fichiers suivant de multiples crit\u00e8res<\/p>\n<p><strong>find .<\/strong> : avec un point permet de chercher \u00e0 partir de l&rsquo;endroit o\u00f9 on se trouve<\/p>\n<p><strong>find ..\/<\/strong> : permet de chercher \u00e0 partir du r\u00e9pertoire pr\u00e9c\u00e9dent<\/p>\n<p><strong>find ..\/ ..\/<\/strong> : permet de chercher \u00e0 partir de deux r\u00e9pertoires en arri\u00e8re<\/p>\n<p><strong>find . -name \u00ab\u00a0*.txt\u00a0\u00bb<\/strong><\/p>\n<p><strong>.tar<\/strong>: fichier de sauvegarde<\/p>\n<p><strong>tar .cvf paul.tar .\/<\/strong>: cr\u00e9er une sauvegarde (<strong>.\/<\/strong> sauvegarde relative)<\/p>\n<p><strong>tar .xvf paul.tar .\/tmp<\/strong>: restaurer une sauvegarde (dans le fichier <strong>tmp<\/strong>)<\/p>\n<p><strong>tar .tvf paul.tar<\/strong>: lire un fichier de sauvegarde<\/p>\n<p><strong>dd<\/strong>: copie physique avec \u00e9ventuelle conversion de format &#8212;-&gt;&gt;&gt;&gt;&nbsp; \u00e0 faire avec VMWare<\/p>\n<p><strong>grep<\/strong>: rechercher des expressions<\/p>\n<p><strong>grep -i<\/strong>: en ignorant la casse<\/p>\n<p><strong>cut<\/strong>: s\u00e9lection de caract\u00e8res ou de mots dans une ligne<\/p>\n<\/div><\/section><\/div><\/p>\n<div class=\"flex_column av_one_full  flex_column_div av-zero-column-padding first  avia-builder-el-4  el_after_av_one_full  el_before_av_one_full  column-top-margin\" style='border-radius:0px; '><section class=\"av_textblock_section \"  itemscope=\"itemscope\" itemtype=\"https:\/\/schema.org\/CreativeWork\" ><div class='avia_textblock  '   itemprop=\"text\" ><h1>24.02.2022<\/h1>\n<p><strong>echo<\/strong>: afficher une cha\u00eene de caract\u00e8res<\/p>\n<p><strong>echo $<em>Variable<\/em><\/strong>: afficher le contenu de la variable<\/p>\n<p><strong>echo titi &gt; fic.txt<\/strong>: ajoute \u00ab\u00a0titi\u00a0\u00bb dans un fichier \u00ab\u00a0fic.txt\u00a0\u00bb<\/p>\n<p><strong>echo tata &gt;&gt; fic.txt<\/strong>: ajouter \u00ab\u00a0tata\u00a0\u00bb dans le fichier \u00ab\u00a0fic.txt\u00a0\u00bb en plus de \u00ab\u00a0titi\u00a0\u00bb<\/p>\n<p><strong>echo toto &gt; fic.txt<\/strong>: ajoute \u00ab\u00a0toto\u00a0\u00bb en \u00e9crasant le contenu pr\u00e9c\u00e9dent<\/p>\n<p><strong>history<\/strong>: lister les derni\u00e8res commandes (16 par d\u00e9faut sans argument)<\/p>\n<p><strong>Exemple d&rsquo;utilisation des variables:<\/strong><\/p>\n<p><strong>Addition<\/strong><\/p>\n<p>D=$(expr 100 + 50)<\/p>\n<p>echo $D<\/p>\n<p>150<\/p>\n<p><strong>Soustraction<\/strong><\/p>\n<p>D=$(expr 150 &#8211; 50)<\/p>\n<p>echo $D<\/p>\n<p>50<\/p>\n<p><strong>Multiplication<\/strong><\/p>\n<p><strong>*<\/strong> (multiplier) est un caract\u00e8re sp\u00e9cial qu&rsquo;il faut isoler par <strong>\\<\/strong> (antislash)<\/p>\n<p>D=$(expr 100 \\* 50)<\/p>\n<p>echo $D<\/p>\n<p>5000<\/p>\n<p><strong>Division<\/strong><\/p>\n<p>D=$(expr 100 \/ 50)<\/p>\n<p>echo $D<\/p>\n<p>2<\/p>\n<h3>Cr\u00e9ation d&rsquo;un fichier contenant des variables<\/h3>\n<p><strong>vi add.ksh<\/strong><\/p>\n<p>\u00c9crire dans le fichier:<\/p>\n<p><strong>#!\/usr\/bin\/ksh<\/strong><\/p>\n<p><strong>Chiffre1=$1<\/strong><\/p>\n<p><strong>Chiffre2=$2<\/strong><\/p>\n<p><strong>Total=$(expr $Chiffre1 + $Chiffre2)<\/strong><\/p>\n<p><strong>echo \u00ab\u00a0Total de $Chiffre1 et de $Chiffre2 = $Total\u00a0\u00bb<\/strong><\/p>\n<\/div><\/section><\/div>\n<div class=\"flex_column av_one_full  flex_column_div av-zero-column-padding first  avia-builder-el-6  el_after_av_one_full  el_before_av_one_full  column-top-margin\" style='border-radius:0px; '><section class=\"av_textblock_section \"  itemscope=\"itemscope\" itemtype=\"https:\/\/schema.org\/CreativeWork\" ><div class='avia_textblock  '   itemprop=\"text\" ><h1>15.02.2022 &#8211; Essentiel Unix<\/h1>\n<p>daemon: <strong>d<\/strong>isk <strong>a<\/strong>nd <strong>e<\/strong>xecution <strong>mon<\/strong>itor<\/p>\n<p><strong>ps -ef<\/strong>: lister tous les processus de la machine<\/p>\n<p><strong>ps -ef |more<\/strong>: liste tous les processus page par page<\/p>\n<p><strong>ps -ef | grep -i Paul<\/strong>: lister tous les processus de Paul en ignorant la casse (<strong>-i<\/strong>)<\/p>\n<p><strong>lpshed<\/strong>: service spouler (impression\/imprimante)<\/p>\n<p><strong>cron<\/strong>: service planificateur de travaux (planification de travaux diff\u00e9r\u00e9)<\/p>\n<p><strong>inetd<\/strong>: service r\u00e9seau<\/p>\n<p><strong>sleep 10<\/strong>: interrompre un processus pendant 10 secondes<\/p>\n<h5>Processus s\u00e9quentiel:<\/h5>\n<p><strong>;<\/strong> (point virgule): permet de lancer plusieurs processus \u00e0 la suite<\/p>\n<p>exemple:<strong> ls ; who<\/strong><\/p>\n<p>On peut cr\u00e9er un script (script.sh) pour lancer deux commandes (processus) en m\u00eame temps, puis l&rsquo;ex\u00e9cuter:<\/p>\n<p><strong>.\/script.sh <\/strong>(ajouter <strong>.\/<\/strong>)<\/p>\n<p><strong>who | wc -l<\/strong>: afficher la liste des utilisateurs connect\u00e9s et le nombre de lignes (<strong>wc -l<\/strong>)<\/p>\n<p><strong>&amp;<\/strong>: en fin de commande, permet d&rsquo;ex\u00e9cuter un processus en arri\u00e8re-plan (background)<\/p>\n<p><strong>sleep 180 &amp;<\/strong>: permet d&rsquo;interrompre un processus en arri\u00e8re-plan, tout en gardant la main<\/p>\n<\/div><\/section><\/div>\n<div class=\"flex_column av_one_full  flex_column_div av-zero-column-padding first  avia-builder-el-8  el_after_av_one_full  el_before_av_one_full  column-top-margin\" style='border-radius:0px; '><section class=\"av_textblock_section \"  itemscope=\"itemscope\" itemtype=\"https:\/\/schema.org\/CreativeWork\" ><div class='avia_textblock  '   itemprop=\"text\" ><h1>Informations pour la cr\u00e9ation d&rsquo;un site<\/h1>\n<ul>\n<li>Base de donn\u00e9es (Nom de la base de donn\u00e9es): dbs&#8230;<\/li>\n<li>Utilisateur de la base de donn\u00e9es (Identifiant): dbu&#8230;<\/li>\n<li>Host (Adresse de la base de donn\u00e9es): db&#8230;&#8230;. .io<\/li>\n<li>Mot de passe<\/li>\n<\/ul>\n<\/div><\/section><\/div>\n<div class=\"flex_column av_one_full  flex_column_div av-zero-column-padding first  avia-builder-el-10  el_after_av_one_full  el_before_av_one_full  column-top-margin\" style='border-radius:0px; '><section class=\"av_textblock_section \"  itemscope=\"itemscope\" itemtype=\"https:\/\/schema.org\/CreativeWork\" ><div class='avia_textblock  '   itemprop=\"text\" ><h1>08.02.2022<\/h1>\n<h1>WordPress<\/h1>\n<ol>\n<li>T\u00e9l\u00e9charger WordPress<\/li>\n<li>Cr\u00e9er une base de donn\u00e9e :&nbsp; &nbsp; &nbsp;host, data base et utilisateur data base<\/li>\n<li>Installer<\/li>\n<\/ol>\n<p>&nbsp;Utiliser wordpress&nbsp; pour monter tout genre de site ( Boutique en ligne etc.. )<\/p>\n<ul>\n<li>Cr\u00e9er un site sur 1and1&nbsp; ( wp ilimiter ) <a href=\"https:\/\/my.ionos.fr\/hosting-overview\">https:\/\/my.ionos.fr\/hosting-overview<\/a><\/li>\n<li>T\u00e9l\u00e9charger filezilla<\/li>\n<li>Parametrer la connexion au site&nbsp;<\/li>\n<li>T\u00e9l\u00e9charger wordpress&nbsp;<\/li>\n<li>D\u00e9placer wordpress &gt;site\/olivier sur filezilla<\/li>\n<li>Parametrer la connexion au site via putty<\/li>\n<li>D\u00e9compresser le fichier wordpress sur putty en utilisant la commande unzip<\/li>\n<li>Se connecter au site via l&rsquo;adresse internet<\/li>\n<li>Suivre la proc\u00e9dure et indiquer avec les renseignements ( bases de donn\u00e9es, nom utilisateur, etc..)<\/li>\n<li>Rajouter un th\u00e8me au pr\u00e9alablement t\u00e9l\u00e9charger ( Enfold )<\/li>\n<\/ul>\n<h3>&nbsp;T\u00e9l\u00e9charger window&nbsp;<\/h3>\n<ul>\n<li>Connecter sur 1and1 via putty WP ILIMITER : u106251596&nbsp; &nbsp; &nbsp; &nbsp;IP : 217.160.197.128<\/li>\n<li># cd site<\/li>\n<li># mkdir heng<\/li>\n<li>t\u00e9l\u00e9charger via filezilla le paquet wordpress.zip vers \/site\/heng<\/li>\n<li># cd site\/heng<\/li>\n<li>#ls<\/li>\n<li># unzip wordpress-5.9-fr_FR.zip<\/li>\n<li>&nbsp;<\/li>\n<\/ul>\n<\/div><\/section><\/div>\n<div class=\"flex_column av_one_full  flex_column_div av-zero-column-padding first  avia-builder-el-12  el_after_av_one_full  el_before_av_one_full  column-top-margin\" style='border-radius:0px; '><section class=\"av_textblock_section \"  itemscope=\"itemscope\" itemtype=\"https:\/\/schema.org\/CreativeWork\" ><div class='avia_textblock  '   itemprop=\"text\" ><h1>31.01.2022<\/h1>\n<h3>Configurer une adresse IP statique:<\/h3>\n<ul>\n<li>Avec PuTTY en mode \u00ab\u00a0Administrateur\u00a0\u00bb, lancer la commande:<\/li>\n<\/ul>\n<p><strong>mv \/etc\/netplan\/00-installer-config.yaml \/etc\/netplan\/00-installer-config.yaml.org<\/strong><\/p>\n<ul>\n<li>Puis:<\/li>\n<\/ul>\n<p><strong>vi \/etc\/netplan\/01-netcfg.yaml<\/strong><\/p>\n<ul>\n<li>Dans le fichier cr\u00e9\u00e9 et ouvert, coller le texte:<\/li>\n<\/ul>\n<p><strong># create new<\/strong><\/p>\n<p><strong>network:<\/strong><br \/>\n<strong> ethernets:<\/strong><br \/>\n<strong> # interface name<\/strong><br \/>\n<strong> enp1s0:<\/strong><br \/>\n<strong> dhcp4: no<\/strong><br \/>\n<strong> # IP address\/subnet mask<\/strong><br \/>\n<strong> addresses: [10.0.0.30\/24]<\/strong><br \/>\n<strong> # default gateway<\/strong><br \/>\n<strong> gateway4: 10.0.0.1<\/strong><br \/>\n<strong> nameservers:<\/strong><br \/>\n<strong> # name server to bind<\/strong><br \/>\n<strong> addresses: [10.0.0.10]<\/strong><br \/>\n<strong> dhcp6: no<\/strong><br \/>\n<strong> version: 2<\/strong><\/p>\n<p><strong># apply settings<\/strong><\/p>\n<ul>\n<li>Remplacer:\n<ul>\n<li><strong>enp1s0<\/strong> par l&rsquo;information correspondant \u00e0 la machine virtuelle le cas \u00e9ch\u00e9ant (ex.: enp0s3)<\/li>\n<li><strong>addresses<\/strong> par l&rsquo;adresse IP d\u00e9sir\u00e9e (ex.: 192.168.1.16)<\/li>\n<li><strong>gateway4<\/strong> par l&rsquo;adresse de la machine virtuelle (ex.: 192.168.1.1)<\/li>\n<\/ul>\n<\/li>\n<li>Enregistrer et sortir, puis lancer la commande:<\/li>\n<\/ul>\n<p><strong>netplan apply<\/strong><\/p>\n<ul>\n<li>Reconfigurer les informations de connexion dans la console de d\u00e9marrage de PuTTY<\/li>\n<\/ul>\n<h3>Processus:<\/h3>\n<p><strong>Un processus constitue l&rsquo;environnement d&rsquo;ex\u00e9cution d&rsquo;un programme.<\/strong><\/p>\n<p>Tous les processus disposent de trois descripteurs de fichiers:<\/p>\n<ul>\n<li>Entr\u00e9e standard: <strong>descripteur 0<\/strong> (entr\u00e9e au clavier)<\/li>\n<li>Sortie standard: <strong>descripteur 1<\/strong> (affichage \u00e0 l&rsquo;\u00e9cran)<\/li>\n<li>Erreur standard: <strong>descripteur 2<\/strong> (affichage \u00e0 l&rsquo;\u00e9cran)<\/li>\n<\/ul>\n<\/div><\/section><\/div>\n<div class=\"flex_column av_one_full  flex_column_div av-zero-column-padding first  avia-builder-el-14  el_after_av_one_full  el_before_av_one_full  column-top-margin\" style='border-radius:0px; '><section class=\"av_textblock_section \"  itemscope=\"itemscope\" itemtype=\"https:\/\/schema.org\/CreativeWork\" ><div class='avia_textblock  '   itemprop=\"text\" ><h1>26.01.2022<\/h1>\n<h2>Machine virtuelle Windows 10 Pro<\/h2>\n<h5>Installation d&rsquo;une machine virtuelle Windows 10 Pro<\/h5>\n<ul>\n<li>T\u00e9l\u00e9charger le fichier ISO de Windows 10<\/li>\n<li>Lancer la proc\u00e9dure d&rsquo;installation d&rsquo;une machine virtuelle avec Oracle VM VirtualBox<\/li>\n<li>Param\u00e9trer une installation Windows 10<\/li>\n<li>Renseigner la cl\u00e9 de produit Windows 10 Pro<\/li>\n<li>Type d&rsquo;installation: \u00ab\u00a0Personnalis\u00e9: Installer uniquement Windows\u00a0\u00bb<\/li>\n<li>Configuration: \u00ab\u00a0Configurer pour une utilisation personnelle\u00a0\u00bb<\/li>\n<\/ul>\n<h5>Bureau \u00e0 distance<\/h5>\n<ul>\n<li>&nbsp;Activer \u00ab\u00a0Connexion Bureau \u00e0 distance\u00a0\u00bb de la machine virtuelle<\/li>\n<li>Depuis une autre machine (Windows), utiliser \u00ab\u00a0Connexion Bureau \u00e0 distance\u00a0\u00bb<\/li>\n<li>Renseigner l&rsquo;adresse IP de la machine virtuelle<\/li>\n<li>Renseigner le nom d&rsquo;utilisateur et le mot de passe le cas \u00e9ch\u00e9ant pour s&rsquo;y connecter<\/li>\n<\/ul>\n<h5>Partage de dossiers<\/h5>\n<ul>\n<li>Depuis la machine virtuelle, s\u00e9lectionner un dossier \u00e0 partager, faire un clic droit pour aller dans \u00ab\u00a0Propri\u00e9t\u00e9s\u00a0\u00bb, \u00ab\u00a0Partage\u00a0\u00bb, \u00ab\u00a0Partage avanc\u00e9\u00a0\u00bb, puis d\u00e9finir le type de partage<\/li>\n<li>Depuis une autre machine (Windows), dans l&rsquo;explorateur de fichiers, faire un clic droit sur \u00ab\u00a0R\u00e9seau\u00a0\u00bb (dans la marge), \u00ab\u00a0Connecter un lecteur r\u00e9seau\u00a0\u00bb, dans le champs \u00ab\u00a0Dossier\u00a0\u00bb, renseigner l&rsquo;adresse IP de la machine virtuelle puis le dossier partag\u00e9 pr\u00e9c\u00e9demment: <strong>\\\\192.168.1.xx\\<em>Dossier<\/em><\/strong><\/li>\n<\/ul>\n<\/div><\/section><\/div>\n<div class=\"flex_column av_one_full  flex_column_div av-zero-column-padding first  avia-builder-el-16  el_after_av_one_full  el_before_av_one_full  column-top-margin\" style='border-radius:0px; '><section class=\"av_textblock_section \"  itemscope=\"itemscope\" itemtype=\"https:\/\/schema.org\/CreativeWork\" ><div class='avia_textblock  '   itemprop=\"text\" ><h1>12\/01\/2022<\/h1>\n<ul>\n<li>IP statique<\/li>\n<li>IP dynamique<\/li>\n<li>IP publique<\/li>\n<li>IP priv\u00e9e<\/li>\n<li>ls -lia<\/li>\n<li>find . -name fichier.txt<\/li>\n<li>find . -inum 000000<\/li>\n<li>which cat<\/li>\n<li>echo $PATH<\/li>\n<li>env<\/li>\n<li>$ : lire les variables<\/li>\n<li>:set nu<\/li>\n<\/ul>\n<p>A voir la prochaine fois: Partage de ressources sous Windows<\/p>\n<\/div><\/section><\/div>\n<div class=\"flex_column av_one_full  flex_column_div av-zero-column-padding first  avia-builder-el-18  el_after_av_one_full  el_before_av_one_full  column-top-margin\" style='border-radius:0px; '><section class=\"av_textblock_section \"  itemscope=\"itemscope\" itemtype=\"https:\/\/schema.org\/CreativeWork\" ><div class='avia_textblock  '   itemprop=\"text\" ><h1>R\u00e9union Zoom 15.12.2021<\/h1>\n<p>Installation d&rsquo;une machine virtuelle<\/p>\n<p>Nom: Essentiel Unix<\/p>\n<p>Proc\u00e9dure d&rsquo;installation:<\/p>\n<ol>\n<li>Apr\u00e8s avoir configur\u00e9 le type de machine, l&rsquo;espace allou\u00e9, et avant l&rsquo;installation, d\u00e9finir la configuration dans \u00ab\u00a0Configuration\u00a0\u00bb&#8211;&gt;\u00a0\u00bbR\u00e9seau\u00a0\u00bb&#8211;&gt;\u00a0\u00bbMode d&rsquo;acc\u00e8s r\u00e9seau: Acc\u00e8s par pont\u00a0\u00bb<\/li>\n<li>Apr\u00e8s l&rsquo;installation, d\u00e9finir le mot de passe de <em>root<\/em>: <strong>sudo passwd root<\/strong><\/li>\n<li>En mode administrateur (#), mettre \u00e0 jour: <strong>apt update<\/strong> puis <strong>apt upgrade<\/strong><\/li>\n<li>Connaitre la carte r\u00e9seau: <strong>ifconfig<\/strong>, puis noter l&rsquo;adresse IP pour param\u00e9trer PuTTY.<\/li>\n<\/ol>\n<\/div><\/section><\/div>\n<div class=\"flex_column av_one_full  flex_column_div av-zero-column-padding first  avia-builder-el-20  el_after_av_one_full  el_before_av_one_full  column-top-margin\" style='border-radius:0px; '><section class=\"av_textblock_section \"  itemscope=\"itemscope\" itemtype=\"https:\/\/schema.org\/CreativeWork\" ><div class='avia_textblock  '   itemprop=\"text\" ><h1>R\u00e9union Zoom 14.12.2021<\/h1>\n<p>Cr\u00e9ation d&rsquo;une machine virtuelle:<\/p>\n<p>Nom: Essentiel Unix<\/p>\n<p>Type: Linux<\/p>\n<p>Version: Ubuntu (64bits)<\/p>\n<p>Taille m\u00e9moire: 2028 Mo<\/p>\n<p>VMDK (Virtual Machine Disk)<\/p>\n<p>Taille fixe<\/p>\n<p>60.00 Go<\/p>\n<p>Custom storage<\/p>\n<p>Partition 2 &#8212;&#8211;&gt; Edit:<\/p>\n<ul>\n<li>\/: 24G<\/li>\n<li>\/tmp: 5G<\/li>\n<li>\/var: 10G<\/li>\n<li>\/usr: 15G<\/li>\n<li>\/home: 5G<\/li>\n<\/ul>\n<\/div><\/section><\/div>\n<div class=\"flex_column av_one_full  flex_column_div av-zero-column-padding first  avia-builder-el-22  el_after_av_one_full  el_before_av_one_full  column-top-margin\" style='border-radius:0px; '><section class=\"av_textblock_section \"  itemscope=\"itemscope\" itemtype=\"https:\/\/schema.org\/CreativeWork\" ><div class='avia_textblock  '   itemprop=\"text\" ><h1>Lundi 06 D\u00e9cembre 2021<\/h1>\n<p><strong>&nbsp; &nbsp; &nbsp; &nbsp; &nbsp; &nbsp; &nbsp; &nbsp; &nbsp; &nbsp; &nbsp; &nbsp; &nbsp; &nbsp; &nbsp; &nbsp; &nbsp; &nbsp; &nbsp; &nbsp; Commande :<\/strong>&nbsp;<\/p>\n<ul>\n<li>\/bin est un r\u00e9pertoire qui contient des fichiers ex\u00e9cutable&nbsp;<\/li>\n<li>\/dev&nbsp; liste les&nbsp; fichiers sp\u00e9ciaux&nbsp;<\/li>\n<li>\/etc est un r\u00e9pertoire administratif<\/li>\n<li>\/home est un r\u00e9pertoire par d\u00e9faut pour les r\u00e9pertoires des utilisateurs<\/li>\n<li>\/log est un r\u00e9pertoire pour tracer les fichiers<\/li>\n<li>\/ll permet de lister par ordre alphab\u00e9tique<\/li>\n<li>\/adduser permet d&rsquo;ajouter un nouvel utilisateur<\/li>\n<li>\/touch permet de creer un nouveau&nbsp; fichier vide<\/li>\n<\/ul>\n<p>&nbsp; &nbsp; &nbsp; &nbsp; &nbsp; &nbsp; &nbsp; &nbsp; &nbsp; &nbsp; &nbsp; &nbsp; &nbsp; &nbsp; &nbsp; &nbsp; &nbsp; &nbsp; &nbsp; &nbsp;<strong> Fichier de description des comptes :<\/strong><\/p>\n<ul>\n<li>Un utilisateur se trouve connect\u00e9 sous le Shell une interface d\u00e9crit&nbsp;dans les fichiers de d\u00e9finition des \u00ab\u00a0logins\u00a0\u00bb<\/li>\n<li>Toutes les versions d&rsquo;UNIX comportent 2 fichiers de bases d\u00e9crivant les utilisateurs connus du syst\u00e8me<\/li>\n<\/ul>\n<p>&nbsp; &nbsp; &nbsp; &nbsp; GID&nbsp; &nbsp; &nbsp; &nbsp; &nbsp; &nbsp; &nbsp; \/etc\/passwd&nbsp; &nbsp; &nbsp; &nbsp; &nbsp; &nbsp; &nbsp;&#8212;&#8211;&gt; ce fichier contient la description des comptes<\/p>\n<p>&nbsp; &nbsp; &nbsp; &nbsp; UID&nbsp; &nbsp; &nbsp; &nbsp; &nbsp; &nbsp; &nbsp; \/etc\/group&nbsp; &nbsp; &nbsp; &nbsp; &nbsp; &nbsp; &nbsp; &nbsp; &#8212;&#8211;&gt; ce fichier contient la description des groupes&nbsp;<\/p>\n<\/div><\/section><\/div>\n<div class=\"flex_column av_one_full  flex_column_div av-zero-column-padding first  avia-builder-el-24  el_after_av_one_full  el_before_av_textblock  column-top-margin\" style='border-radius:0px; '><section class=\"av_textblock_section \"  itemscope=\"itemscope\" itemtype=\"https:\/\/schema.org\/CreativeWork\" ><div class='avia_textblock  '   itemprop=\"text\" ><p><strong>06.12.2021<\/strong><\/p>\n<p><strong>Essentiel Unix<\/strong><\/p>\n<p><strong>02.12.2021<\/strong><\/p>\n<p><strong>Essentiel Unix<\/strong><\/p>\n<p>4. Syst\u00e8mes de fichiers<\/p>\n<p>. Au d\u00e9marrage d&rsquo;une machine faire une mise \u00e0 jour:<\/p>\n<p><strong>$ sudo apt update<\/strong><\/p>\n<p><em>puis<\/em><\/p>\n<p><strong>$ sudo apt upgrade<\/strong><\/p>\n<p><em>ou<\/em><\/p>\n<p><strong>#su &#8211;<\/strong><\/p>\n<p><em>puis<\/em><\/p>\n<p><em><strong>mot de passe<\/strong><\/em><\/p>\n<p><em>puis<\/em><\/p>\n<p><strong># apt update<\/strong><\/p>\n<p><em>puis<\/em><\/p>\n<p><strong># sudo apt upgrade<\/strong><\/p>\n<p>. Pour lister les partitions du disque:<\/p>\n<p>_ en Go: <strong>df -h<\/strong><\/p>\n<p>_ en ko (1 ko= 1024 octets): <strong>df<\/strong><\/p>\n<p>_ par blocs de 512 octets: <strong>du<\/strong><\/p>\n<p>. A voir par la suite : <strong>fdisk<\/strong><\/p>\n<p><strong>29-11-2021<\/strong><\/p>\n<p><strong>Essence Unix<\/strong><\/p>\n<p>22\/10\/2021 :<\/p>\n<p>u70779858:&nbsp; mot de passe<\/p>\n<p>PWD= DIR : R\u00e9pertoire courant<\/p>\n<p>(uiserver):u70779858:~$ pwd<br \/>\n\/kunden\/homepages\/21\/d437111489\/htdocs<\/p>\n<p>CD : Change Directory<\/p>\n<p>(uiserver):u70779858:~$ cd users\/<br \/>\n(uiserver):u70779858:~\/users$ pwd<br \/>\n\/kunden\/homepages\/21\/d437111489\/htdocs\/users<br \/>\n(uiserver):u70779858:~\/users$<\/p>\n<p>VI&#8212;: wp-admin<\/p>\n<p>$ vi texte ( PROMPT&nbsp; : $ &nbsp; et # :&nbsp; # pour utilisateur de ROOT et \u00e0 $ tout autres users )<\/p>\n<p>VI &#8211; il y a 2 modes :<\/p>\n<p>Mode INsertion (ESC)<\/p>\n<p>et MOde Fonctions (ESC)<\/p>\n<p>wp-content<\/p>\n<\/div><\/section><\/div>\n<section class=\"av_textblock_section \"  itemscope=\"itemscope\" itemtype=\"https:\/\/schema.org\/CreativeWork\" ><div class='avia_textblock  '   itemprop=\"text\" ><p>Cliquer ici pour ajouter votre propre texte<\/p>\n<\/div><\/section>\n","protected":false},"excerpt":{"rendered":"","protected":false},"author":1,"featured_media":0,"parent":0,"menu_order":0,"comment_status":"closed","ping_status":"closed","template":"","meta":{"ngg_post_thumbnail":0},"_links":{"self":[{"href":"https:\/\/hengowebsite.luong.fr\/index.php?rest_route=\/wp\/v2\/pages\/6677"}],"collection":[{"href":"https:\/\/hengowebsite.luong.fr\/index.php?rest_route=\/wp\/v2\/pages"}],"about":[{"href":"https:\/\/hengowebsite.luong.fr\/index.php?rest_route=\/wp\/v2\/types\/page"}],"author":[{"embeddable":true,"href":"https:\/\/hengowebsite.luong.fr\/index.php?rest_route=\/wp\/v2\/users\/1"}],"replies":[{"embeddable":true,"href":"https:\/\/hengowebsite.luong.fr\/index.php?rest_route=%2Fwp%2Fv2%2Fcomments&post=6677"}],"version-history":[{"count":33,"href":"https:\/\/hengowebsite.luong.fr\/index.php?rest_route=\/wp\/v2\/pages\/6677\/revisions"}],"predecessor-version":[{"id":6742,"href":"https:\/\/hengowebsite.luong.fr\/index.php?rest_route=\/wp\/v2\/pages\/6677\/revisions\/6742"}],"wp:attachment":[{"href":"https:\/\/hengowebsite.luong.fr\/index.php?rest_route=%2Fwp%2Fv2%2Fmedia&parent=6677"}],"curies":[{"name":"wp","href":"https:\/\/api.w.org\/{rel}","templated":true}]}}