{"id":6652,"date":"2021-08-27T09:15:49","date_gmt":"2021-08-27T09:15:49","guid":{"rendered":"https:\/\/hengowebsite.luong.fr\/?page_id=6652"},"modified":"2021-08-27T09:15:49","modified_gmt":"2021-08-27T09:15:49","slug":"graver-en-ligne-de-commande","status":"publish","type":"page","link":"https:\/\/hengowebsite.luong.fr\/?page_id=6652","title":{"rendered":"Graver en ligne de commande"},"content":{"rendered":"<h3 id=\"pour_les_cd\" class=\"sectionedit2\">Pour les CD<\/h3>\n<div class=\"level3\">\n<p>Voir la page <a class=\"wikilink1\" title=\"wodim\" href=\"https:\/\/doc.ubuntu-fr.org\/wodim\">wodim<\/a>.<\/p>\n<p>Voici un excellent tutoriel qui vous montre comment graver et cr\u00e9er des images ISO \u00e0 l&rsquo;aide du <a class=\"wikilink1\" title=\"terminal\" href=\"https:\/\/doc.ubuntu-fr.org\/terminal\">terminal<\/a>. <a class=\"urlextern\" title=\"http:\/\/www.math-linux.com\/spip.php?article1\" href=\"http:\/\/www.math-linux.com\/spip.php?article1\" rel=\"nofollow\">Gravure sous Linux en ligne de commande<\/a>. Cependant ce tutoriel fait r\u00e9f\u00e9rence \u00e0 la commande <a class=\"interwiki iw_wpfr\" title=\"https:\/\/fr.wikipedia.org\/wiki\/cdrtools\" href=\"https:\/\/fr.wikipedia.org\/wiki\/cdrtools\">cdrecord<\/a> qui est maintenant obsol\u00e8te dans les distributions Debian\/Ubuntu et remplac\u00e9e par la commande <a class=\"wikilink1\" title=\"wodim\" href=\"https:\/\/doc.ubuntu-fr.org\/wodim\">wodim<\/a>.<\/p>\n<\/div>\n<div class=\"secedit editbutton_section editbutton_2\">\n<form class=\"button btn_secedit form-inline\" action=\"\/gravure\" method=\"post\">\n<div class=\"no\">&nbsp;<\/div>\n<\/form>\n<\/div>\n<h3 id=\"pour_les_dvd\" class=\"sectionedit3\">Pour les DVD<\/h3>\n<div class=\"level3\">\n<p>C&rsquo;est avec l&rsquo;application <strong>growisofs<\/strong> : Par exemple, pour graver l&rsquo;image <em>dvdvideo_image.iso<\/em> d&rsquo;un DVD video sur le graveur sur <em>\/dev\/dvd<\/em> en vitesse 2 :<\/p>\n<pre class=\"code\">$ growisofs -speed=2 -Z \/dev\/dvd -dvd-video dvdvideo_image<\/pre>\n<p>Pour graver l&rsquo;image ISO <em>dvd_image.iso<\/em> sur le graveur sur <em>\/dev\/dvd<\/em> en vitesse 2 :<\/p>\n<pre class=\"code\">$ growisofs -dvd-compat -speed=2 -Z \/dev\/dvd=dvd_image.iso<\/pre>\n<p>Pour en savoir plus, saisir dans un <a class=\"wikilink1\" title=\"terminal\" href=\"https:\/\/doc.ubuntu-fr.org\/terminal\">terminal<\/a> la <a class=\"wikilink1\" title=\"commande_shell\" href=\"https:\/\/doc.ubuntu-fr.org\/commande_shell\">commande<\/a> suivante <strong>(en)<\/strong>:<\/p>\n<pre class=\"code\">man growisofs<\/pre>\n<h2 id=\"que_faire_apres_la_gravure\" class=\"sectionedit4 page-header\">Que faire apr\u00e8s la gravure ?<\/h2>\n<div class=\"level2\">&nbsp;<\/div>\n<div class=\"secedit editbutton_section editbutton_4\">\n<form class=\"button btn_secedit form-inline\" action=\"\/gravure\" method=\"post\">\n<div class=\"no\">&nbsp;<\/div>\n<\/form>\n<\/div>\n<h3 id=\"creer_un_catalogue\" class=\"sectionedit5\">Cr\u00e9er un catalogue<\/h3>\n<div class=\"level3\">\n<p>Une fois votre gravure faite, il peut \u00eatre int\u00e9ressant (voire vital pour certains !) de conserver la liste des fichiers que l&rsquo;on a grav\u00e9s. En effet, la gravure concerne souvent la sauvegarde des donn\u00e9es personnelles ; or, retrouver un document OpenOffice, une photo ou un script sauvegard\u00e9 sur un CD ou DVD peut rapidement relever du casse-t\u00eate en fonction du nombre de CD\/DVD sauvegard\u00e9s.<\/p>\n<p>C&rsquo;est pourquoi les logiciels de <a class=\"wikilink1\" title=\"catalogage\" href=\"https:\/\/doc.ubuntu-fr.org\/catalogage\">catalogage<\/a> ont \u00e9t\u00e9 cr\u00e9\u00e9s !<\/p>\n<p>Voir la page sur le <a class=\"wikilink1\" title=\"catalogage\" href=\"https:\/\/doc.ubuntu-fr.org\/catalogage\">catalogage<\/a> pour plus d&rsquo;informations.<\/p>\n<\/div>\n<div class=\"secedit editbutton_section editbutton_5\">\n<form class=\"button btn_secedit form-inline\" action=\"\/gravure\" method=\"post\">\n<div class=\"no\">&nbsp;<\/div>\n<\/form>\n<\/div>\n<h3 id=\"imprimer_des_pochettes\" class=\"sectionedit6\">Imprimer des pochettes<\/h3>\n<div class=\"level3\">\n<ul class=\" fix-media-list-overlap\">\n<li class=\"level1\">\n<div class=\"li\"><a class=\"wikilink2\" title=\"kover\" href=\"https:\/\/doc.ubuntu-fr.org\/kover\" rel=\"nofollow\">Kover<\/a> : Imprime des pochettes simple (KDE), depuis Ubuntu 12.04, il n&rsquo;est plus possible de mettre une image d&rsquo;arri\u00e8re plan.<\/div>\n<\/li>\n<li class=\"level1\">\n<div class=\"li\"><a class=\"wikilink2\" title=\"koverartist\" href=\"https:\/\/doc.ubuntu-fr.org\/koverartist\" rel=\"nofollow\">KoverArtist<\/a> : Imprime des pochettes complexes (KDE)<\/div>\n<\/li>\n<li class=\"level1\">\n<div class=\"li\"><a class=\"urlextern\" title=\"http:\/\/blogclisam.chez.com\/\" href=\"http:\/\/blogclisam.chez.com\/\" rel=\"nofollow\">PyCDCover<\/a> Programme en Python pour imprimer des couvertures \u00e0 partir d&rsquo;un r\u00e9pertoire de photo et de MP3. Tr\u00e8s simple \u00e0 utiliser, lin\u00e9aire.<\/div>\n<\/li>\n<li class=\"level1\">\n<div class=\"li\"><a class=\"wikilink1\" title=\"cd_label_generator\" href=\"https:\/\/doc.ubuntu-fr.org\/cd_label_generator\">CD Label Gen\u00e9rator<\/a> et son interface graphique <a class=\"wikilink2\" title=\"cd_label_generator:gtkcdlabelgenerator\" href=\"https:\/\/doc.ubuntu-fr.org\/cd_label_generator\/gtkcdlabelgenerator\" rel=\"nofollow\">GTKCDLabelGenerator<\/a><\/div>\n<\/li>\n<\/ul>\n<p>Et si votre graveur le permet, on peut aussi utiliser la technologie <a class=\"wikilink1\" title=\"lightscribe\" href=\"https:\/\/doc.ubuntu-fr.org\/lightscribe\">lightscribe<\/a> pour graver directement un label ou une image sur le cd \/ DVD<br \/>\nCela n\u00e9cessite :<\/p>\n<ul class=\" fix-media-list-overlap\">\n<li class=\"level1\">\n<div class=\"li\">un graveur \u00ab\u00a0lightscribe\u00a0\u00bb;<\/div>\n<\/li>\n<li class=\"level1\">\n<div class=\"li\">des cds \/ dvds sp\u00e9ciaux \u00ab\u00a0lightscribe\u00a0\u00bb.<\/div>\n<\/li>\n<\/ul>\n<\/div>\n<\/div>\n","protected":false},"excerpt":{"rendered":"<p>Pour les CD Voir la page wodim. Voici un excellent tutoriel qui vous montre comment graver et cr\u00e9er des images ISO \u00e0 l&rsquo;aide du terminal. Gravure sous Linux en ligne de commande. Cependant ce tutoriel fait r\u00e9f\u00e9rence \u00e0 la commande cdrecord qui est maintenant obsol\u00e8te dans les distributions Debian\/Ubuntu et remplac\u00e9e par la commande wodim. [&hellip;]<\/p>\n","protected":false},"author":1,"featured_media":0,"parent":0,"menu_order":0,"comment_status":"closed","ping_status":"closed","template":"","meta":{"ngg_post_thumbnail":0},"_links":{"self":[{"href":"https:\/\/hengowebsite.luong.fr\/index.php?rest_route=\/wp\/v2\/pages\/6652"}],"collection":[{"href":"https:\/\/hengowebsite.luong.fr\/index.php?rest_route=\/wp\/v2\/pages"}],"about":[{"href":"https:\/\/hengowebsite.luong.fr\/index.php?rest_route=\/wp\/v2\/types\/page"}],"author":[{"embeddable":true,"href":"https:\/\/hengowebsite.luong.fr\/index.php?rest_route=\/wp\/v2\/users\/1"}],"replies":[{"embeddable":true,"href":"https:\/\/hengowebsite.luong.fr\/index.php?rest_route=%2Fwp%2Fv2%2Fcomments&post=6652"}],"version-history":[{"count":1,"href":"https:\/\/hengowebsite.luong.fr\/index.php?rest_route=\/wp\/v2\/pages\/6652\/revisions"}],"predecessor-version":[{"id":6653,"href":"https:\/\/hengowebsite.luong.fr\/index.php?rest_route=\/wp\/v2\/pages\/6652\/revisions\/6653"}],"wp:attachment":[{"href":"https:\/\/hengowebsite.luong.fr\/index.php?rest_route=%2Fwp%2Fv2%2Fmedia&parent=6652"}],"curies":[{"name":"wp","href":"https:\/\/api.w.org\/{rel}","templated":true}]}}