{"id":5937,"date":"2019-11-25T07:32:19","date_gmt":"2019-11-25T07:32:19","guid":{"rendered":"http:\/\/mywebsite.manhengluong.com\/?page_id=5937"},"modified":"2019-12-09T21:01:03","modified_gmt":"2019-12-09T21:01:03","slug":"recuperer-ses-photos-supprimees-sur-carte-sd","status":"publish","type":"page","link":"https:\/\/hengowebsite.luong.fr\/?page_id=5937","title":{"rendered":"Recuperer ses photos supprimees sur carte SD"},"content":{"rendered":"<section class=\"av_textblock_section \"  itemscope=\"itemscope\" itemtype=\"https:\/\/schema.org\/CreativeWork\" ><div class='avia_textblock  '   itemprop=\"text\" ><p>[layerslider id=\u00a0\u00bb10&Prime;]<\/p>\n<\/div><\/section>\n<div class=\"flex_column av_one_half  flex_column_div av-zero-column-padding first  avia-builder-el-1  el_after_av_textblock  el_before_av_one_half  column-top-margin\" style='border-radius:0px; '><section class=\"av_textblock_section \"  itemscope=\"itemscope\" itemtype=\"https:\/\/schema.org\/CreativeWork\" ><div class='avia_textblock  '   itemprop=\"text\" ><p>Les vacances \u00e9tant maintenant termin\u00e9es de mon cot\u00e9, les photos prises sont nombreuses sur la carte SD de l\u2019appareil photo. Seulement, il m\u2019est arriv\u00e9 une petite tuile pendant ces vacances. Comme tout parent, je laisse de temps en temps les enfants prendre des photos avec l\u2019appareil. Tout s\u2019est toujours bien pass\u00e9 jusque l\u00e0\u2026. Donc en plein milieu des vacances, des amis nous on propos\u00e9 de prendre les enfants pour une balade , bien entendu des photos seront prises,<\/p>\n<\/div><\/section><\/div><div class=\"flex_column av_one_half  flex_column_div av-zero-column-padding   avia-builder-el-3  el_after_av_one_half  el_before_av_one_full  column-top-margin\" style='border-radius:0px; '><div  class='avia-image-container  av-styling-    avia-builder-el-4  avia-builder-el-no-sibling  avia-align-center '  itemprop=\"image\" itemscope=\"itemscope\" itemtype=\"https:\/\/schema.org\/ImageObject\"  ><div class='avia-image-container-inner'><div class='avia-image-overlay-wrap'><img decoding=\"async\" class='wp-image-5990 avia-img-lazy-loading-not-5990 avia_image' src=\"https:\/\/hengowebsite.luong.fr\/wp-content\/uploads\/2019\/11\/carte-sd-300x156.png\" alt='' title='carte-sd-300x156' height=\"156\" width=\"300\"  itemprop=\"thumbnailUrl\" srcset=\"https:\/\/hengowebsite.luong.fr\/wp-content\/uploads\/2019\/11\/carte-sd-300x156.png 300w, https:\/\/hengowebsite.luong.fr\/wp-content\/uploads\/2019\/11\/carte-sd-300x156-80x42.png 80w\" sizes=\"(max-width: 300px) 100vw, 300px\" \/><\/div><\/div><\/div><\/div><div class=\"flex_column av_one_full  flex_column_div av-zero-column-padding first  avia-builder-el-5  el_after_av_one_half  el_before_av_one_full  column-top-margin\" style='border-radius:0px; '><section class=\"av_textblock_section \"  itemscope=\"itemscope\" itemtype=\"https:\/\/schema.org\/CreativeWork\" ><div class='avia_textblock  '   itemprop=\"text\" ><p>donc je donne l\u2019appareil aux enfants en leur donnant les conseils habituels pour prendre les photos. Sur la carte SD (avant la balade), il y avait environ 1000 photos prises depuis le printemps (note : \u00e9tant pr\u00e9voyant, j\u2019avais auparavant tout t\u00e9l\u00e9charg\u00e9 sur le PC au cas o\u00f9\u2026 J\u2019avais bien fait\u2026.)<\/p>\n<p>En effet, en revenant de la balade je regarde les photos de l\u2019apn et l\u00e0 catastrophe, il n\u2019y avait que les photos de la balade. Toutes les autres photos de la semaine de vacances (et bien sur celles depuis le printemps) ont disparues\u2026 J\u2019ai bien compris , apr\u00e8s discussion avec les enfants, qu\u2019ils ont \u00e9t\u00e9 dans le menu et ont fait\u00a0<em>supprimer tout<\/em>\u00a0au lieu de supprimer une photo qui ne leur plaisait pas. Mon premier r\u00e9flexe a \u00e9t\u00e9 donc de remplacer la carte SD qui a perdu toutes ses photos et d\u2019activer le petit locquet de s\u00e9curit\u00e9 afin de pouvoir \u00e9ventuellement les r\u00e9cup\u00e9rer au retour de vacances.<\/p>\n<p>De retour \u00e0 la maison, j\u2019allume donc mon APN avec la carte SD avec les photos perdues. Je v\u00e9rifie que l\u2019APN est bien vue avec la commande mount, je vois ceci :<\/p>\n<p>\/dev\/sdd1 on \/media\/disk type vfat (ro,nosuid,nodev,uhelper=udisks,uid=1000,gid=1000,shortname=mixed,dmask=0077,utf8=1,flush)<\/p>\n<p>qui confirme bien le montage. Avec le navigateur , je vois effectivement le nombre de photos qu\u2019il reste : 46 au lieu de 1000 !! argh \u2026.<\/p>\n<\/div><\/section><\/div><div class=\"flex_column av_one_full  flex_column_div av-zero-column-padding first  avia-builder-el-7  el_after_av_one_full  el_before_av_one_full  column-top-margin\" style='border-radius:0px; '><div  class='avia-image-container  av-styling-    avia-builder-el-8  avia-builder-el-no-sibling  avia-align-center '  itemprop=\"image\" itemscope=\"itemscope\" itemtype=\"https:\/\/schema.org\/ImageObject\"  ><div class='avia-image-container-inner'><div class='avia-image-overlay-wrap'><img decoding=\"async\" class='wp-image-5993 avia-img-lazy-loading-not-5993 avia_image' src=\"https:\/\/hengowebsite.luong.fr\/wp-content\/uploads\/2019\/11\/100pentxc2a0-c2a0navigateur-de-fichiers_001.png\" alt='' title='100pentxc2a0-c2a0navigateur-de-fichiers_001' height=\"266\" width=\"450\"  itemprop=\"thumbnailUrl\" srcset=\"https:\/\/hengowebsite.luong.fr\/wp-content\/uploads\/2019\/11\/100pentxc2a0-c2a0navigateur-de-fichiers_001.png 450w, https:\/\/hengowebsite.luong.fr\/wp-content\/uploads\/2019\/11\/100pentxc2a0-c2a0navigateur-de-fichiers_001-80x47.png 80w, https:\/\/hengowebsite.luong.fr\/wp-content\/uploads\/2019\/11\/100pentxc2a0-c2a0navigateur-de-fichiers_001-300x177.png 300w\" sizes=\"(max-width: 450px) 100vw, 450px\" \/><\/div><\/div><\/div><\/div><div class=\"flex_column av_one_full  flex_column_div av-zero-column-padding first  avia-builder-el-9  el_after_av_one_full  el_before_av_one_full  column-top-margin\" style='border-radius:0px; '><section class=\"av_textblock_section \"  itemscope=\"itemscope\" itemtype=\"https:\/\/schema.org\/CreativeWork\" ><div class='avia_textblock  '   itemprop=\"text\" ><p>Bon , pas de panique on va arranger tout ceci\u2026<\/p>\n<p>J\u2019installe un programme de r\u00e9cup\u00e9ration de fichiers : <a href=\"http:\/\/doc.ubuntu-fr.org\/photorec\" target=\"_blank\" rel=\"noopener noreferrer\">photorec<\/a>. Ce programme fait partie du package testdisk et l\u2019install se fait avec :<\/p>\n<p><strong>sudo apt-get install testdisk<\/strong><\/p>\n<p>Ce programme s\u2019utilise en mode console, un peu \u00e0 la mode DOS. Pour ceci, je cr\u00e9e un r\u00e9pertoire o\u00f9 photorec va stocker les fichiers r\u00e9cup\u00e9r\u00e9s. Par exemple :\u00a0<strong>mkdir<\/strong>\u00a0<strong>\/work\/recup-photos<\/strong>. Je me positionne avec\u00a0<strong>cd \/work\/recup-photos<\/strong>. Et je lance maintenant\u00a0<strong>sudo photorec<\/strong>.<\/p>\n<p><center><\/p>\n<p><\/center>Le logiciel me demande ici \u00e0 partir de quelle partition je veux r\u00e9cup\u00e9r\u00e9r mes donn\u00e9es :<\/p>\n<\/div><\/section><\/div><div class=\"flex_column av_one_full  flex_column_div av-zero-column-padding first  avia-builder-el-11  el_after_av_one_full  el_before_av_one_full  column-top-margin\" style='border-radius:0px; '><div  class='avia-image-container  av-styling-    avia-builder-el-12  avia-builder-el-no-sibling  avia-align-center '  itemprop=\"image\" itemscope=\"itemscope\" itemtype=\"https:\/\/schema.org\/ImageObject\"  ><div class='avia-image-container-inner'><div class='avia-image-overlay-wrap'><img decoding=\"async\" class='wp-image-5995 avia-img-lazy-loading-not-5995 avia_image' src=\"https:\/\/hengowebsite.luong.fr\/wp-content\/uploads\/2019\/11\/daviddavid-desktop-work_031.png\" alt='' title='daviddavid-desktop-work_031' height=\"253\" width=\"450\"  itemprop=\"thumbnailUrl\" srcset=\"https:\/\/hengowebsite.luong.fr\/wp-content\/uploads\/2019\/11\/daviddavid-desktop-work_031.png 450w, https:\/\/hengowebsite.luong.fr\/wp-content\/uploads\/2019\/11\/daviddavid-desktop-work_031-80x45.png 80w, https:\/\/hengowebsite.luong.fr\/wp-content\/uploads\/2019\/11\/daviddavid-desktop-work_031-300x169.png 300w\" sizes=\"(max-width: 450px) 100vw, 450px\" \/><\/div><\/div><\/div><\/div><div class=\"flex_column av_one_full  flex_column_div av-zero-column-padding first  avia-builder-el-13  el_after_av_one_full  el_before_av_one_full  column-top-margin\" style='border-radius:0px; '><section class=\"av_textblock_section \"  itemscope=\"itemscope\" itemtype=\"https:\/\/schema.org\/CreativeWork\" ><div class='avia_textblock  '   itemprop=\"text\" ><p>Je choisi bien entendu le \/dev\/sdd qui correspond \u00e0 mon appareil photo : PENTAX DIGITAL CAMERA et je valide avec\u00a0<strong>Proceed<\/strong>\u00a0(touches fl\u00e8ches et entr\u00e9e)<\/p>\n<p>Je choisi le type de partition, ici\u00a0<strong>Intel<\/strong><\/p>\n<\/div><\/section><\/div><div class=\"flex_column av_one_full  flex_column_div av-zero-column-padding first  avia-builder-el-15  el_after_av_one_full  el_before_av_one_full  column-top-margin\" style='border-radius:0px; '><div  class='avia-image-container  av-styling-    avia-builder-el-16  avia-builder-el-no-sibling  avia-align-center '  itemprop=\"image\" itemscope=\"itemscope\" itemtype=\"https:\/\/schema.org\/ImageObject\"  ><div class='avia-image-container-inner'><div class='avia-image-overlay-wrap'><img decoding=\"async\" class='wp-image-5999 avia-img-lazy-loading-not-5999 avia_image' src=\"https:\/\/hengowebsite.luong.fr\/wp-content\/uploads\/2019\/11\/daviddavid-desktop-work_032-1.png\" alt='' title='daviddavid-desktop-work_032' height=\"253\" width=\"450\"  itemprop=\"thumbnailUrl\" srcset=\"https:\/\/hengowebsite.luong.fr\/wp-content\/uploads\/2019\/11\/daviddavid-desktop-work_032-1.png 450w, https:\/\/hengowebsite.luong.fr\/wp-content\/uploads\/2019\/11\/daviddavid-desktop-work_032-1-80x45.png 80w, https:\/\/hengowebsite.luong.fr\/wp-content\/uploads\/2019\/11\/daviddavid-desktop-work_032-1-300x169.png 300w\" sizes=\"(max-width: 450px) 100vw, 450px\" \/><\/div><\/div><\/div><\/div><div class=\"flex_column av_one_full  flex_column_div av-zero-column-padding first  avia-builder-el-17  el_after_av_one_full  el_before_av_one_full  column-top-margin\" style='border-radius:0px; '><section class=\"av_textblock_section \"  itemscope=\"itemscope\" itemtype=\"https:\/\/schema.org\/CreativeWork\" ><div class='avia_textblock  '   itemprop=\"text\" ><p>Je valide maintenant le num\u00e9ro de la partition sur laquelle travailler ( une seule partition sur la carte SD de l\u2019apn ) et je valide la recherche par\u00a0<strong>Search<\/strong>\u00a0avec la touche Entr\u00e9e.:<\/p>\n<\/div><\/section><\/div><div class=\"flex_column av_one_full  flex_column_div av-zero-column-padding first  avia-builder-el-19  el_after_av_one_full  el_before_av_one_full  column-top-margin\" style='border-radius:0px; '><div  class='avia-image-container  av-styling-    avia-builder-el-20  avia-builder-el-no-sibling  avia-align-center '  itemprop=\"image\" itemscope=\"itemscope\" itemtype=\"https:\/\/schema.org\/ImageObject\"  ><div class='avia-image-container-inner'><div class='avia-image-overlay-wrap'><img decoding=\"async\" class='wp-image-6000 avia-img-lazy-loading-not-6000 avia_image' src=\"https:\/\/hengowebsite.luong.fr\/wp-content\/uploads\/2019\/11\/daviddavid-desktop-work_033.png\" alt='' title='daviddavid-desktop-work_033' height=\"253\" width=\"450\"  itemprop=\"thumbnailUrl\" srcset=\"https:\/\/hengowebsite.luong.fr\/wp-content\/uploads\/2019\/11\/daviddavid-desktop-work_033.png 450w, https:\/\/hengowebsite.luong.fr\/wp-content\/uploads\/2019\/11\/daviddavid-desktop-work_033-80x45.png 80w, https:\/\/hengowebsite.luong.fr\/wp-content\/uploads\/2019\/11\/daviddavid-desktop-work_033-300x169.png 300w\" sizes=\"(max-width: 450px) 100vw, 450px\" \/><\/div><\/div><\/div><\/div><div class=\"flex_column av_one_full  flex_column_div av-zero-column-padding first  avia-builder-el-21  el_after_av_one_full  el_before_av_one_full  column-top-margin\" style='border-radius:0px; '><section class=\"av_textblock_section \"  itemscope=\"itemscope\" itemtype=\"https:\/\/schema.org\/CreativeWork\" ><div class='avia_textblock  '   itemprop=\"text\" ><p>Je dois \u00e9galement indiquer le type de syst\u00e8me de fichier sur la carte. Pour un APN c\u2019est du FAT , donc je s\u00e9l\u00e9ctionne OTHER.<\/p>\n<\/div><\/section><\/div><div class=\"flex_column av_one_full  flex_column_div av-zero-column-padding first  avia-builder-el-23  el_after_av_one_full  el_before_av_one_full  column-top-margin\" style='border-radius:0px; '><div  class='avia-image-container  av-styling-    avia-builder-el-24  avia-builder-el-no-sibling  avia-align-center '  itemprop=\"image\" itemscope=\"itemscope\" itemtype=\"https:\/\/schema.org\/ImageObject\"  ><div class='avia-image-container-inner'><div class='avia-image-overlay-wrap'><img decoding=\"async\" class='wp-image-6001 avia-img-lazy-loading-not-6001 avia_image' src=\"https:\/\/hengowebsite.luong.fr\/wp-content\/uploads\/2019\/11\/daviddavid-desktop-work_034.png\" alt='' title='daviddavid-desktop-work_034' height=\"253\" width=\"450\"  itemprop=\"thumbnailUrl\" srcset=\"https:\/\/hengowebsite.luong.fr\/wp-content\/uploads\/2019\/11\/daviddavid-desktop-work_034.png 450w, https:\/\/hengowebsite.luong.fr\/wp-content\/uploads\/2019\/11\/daviddavid-desktop-work_034-80x45.png 80w, https:\/\/hengowebsite.luong.fr\/wp-content\/uploads\/2019\/11\/daviddavid-desktop-work_034-300x169.png 300w\" sizes=\"(max-width: 450px) 100vw, 450px\" \/><\/div><\/div><\/div><\/div><div class=\"flex_column av_one_full  flex_column_div av-zero-column-padding first  avia-builder-el-25  el_after_av_one_full  el_before_av_one_full  column-top-margin\" style='border-radius:0px; '><section class=\"av_textblock_section \"  itemscope=\"itemscope\" itemtype=\"https:\/\/schema.org\/CreativeWork\" ><div class='avia_textblock  '   itemprop=\"text\" ><p>Je dois \u00e9galement indiquer le type de syst\u00e8me de fichier sur la carte. Pour un APN c\u2019est du FAT , donc je s\u00e9l\u00e9ctionne OTHER.<\/p>\n<\/div><\/section><\/div><div class=\"flex_column av_one_full  flex_column_div av-zero-column-padding first  avia-builder-el-27  el_after_av_one_full  el_before_av_one_full  column-top-margin\" style='border-radius:0px; '><div  class='avia-image-container  av-styling-    avia-builder-el-28  avia-builder-el-no-sibling  avia-align-center '  itemprop=\"image\" itemscope=\"itemscope\" itemtype=\"https:\/\/schema.org\/ImageObject\"  ><div class='avia-image-container-inner'><div class='avia-image-overlay-wrap'><img decoding=\"async\" class='wp-image-6003 avia-img-lazy-loading-not-6003 avia_image' src=\"https:\/\/hengowebsite.luong.fr\/wp-content\/uploads\/2019\/11\/daviddavid-desktop-work_034-1.png\" alt='' title='daviddavid-desktop-work_034' height=\"253\" width=\"450\"  itemprop=\"thumbnailUrl\" srcset=\"https:\/\/hengowebsite.luong.fr\/wp-content\/uploads\/2019\/11\/daviddavid-desktop-work_034-1.png 450w, https:\/\/hengowebsite.luong.fr\/wp-content\/uploads\/2019\/11\/daviddavid-desktop-work_034-1-80x45.png 80w, https:\/\/hengowebsite.luong.fr\/wp-content\/uploads\/2019\/11\/daviddavid-desktop-work_034-1-300x169.png 300w\" sizes=\"(max-width: 450px) 100vw, 450px\" \/><\/div><\/div><\/div><\/div><div class=\"flex_column av_one_full  flex_column_div av-zero-column-padding first  avia-builder-el-29  el_after_av_one_full  el_before_av_one_full  column-top-margin\" style='border-radius:0px; '><section class=\"av_textblock_section \"  itemscope=\"itemscope\" itemtype=\"https:\/\/schema.org\/CreativeWork\" ><div class='avia_textblock  '   itemprop=\"text\" ><p>Ensuite je s\u00e9lectionne le Scan des fichiers :<\/p>\n<\/div><\/section><\/div><div class=\"flex_column av_one_full  flex_column_div av-zero-column-padding first  avia-builder-el-31  el_after_av_one_full  el_before_av_one_full  column-top-margin\" style='border-radius:0px; '><div  class='avia-image-container  av-styling-    avia-builder-el-32  avia-builder-el-no-sibling  avia-align-center '  itemprop=\"image\" itemscope=\"itemscope\" itemtype=\"https:\/\/schema.org\/ImageObject\"  ><div class='avia-image-container-inner'><div class='avia-image-overlay-wrap'><img decoding=\"async\" class='wp-image-6004 avia-img-lazy-loading-not-6004 avia_image' src=\"https:\/\/hengowebsite.luong.fr\/wp-content\/uploads\/2019\/11\/daviddavid-desktop-work_035.png\" alt='' title='daviddavid-desktop-work_035' height=\"253\" width=\"450\"  itemprop=\"thumbnailUrl\" srcset=\"https:\/\/hengowebsite.luong.fr\/wp-content\/uploads\/2019\/11\/daviddavid-desktop-work_035.png 450w, https:\/\/hengowebsite.luong.fr\/wp-content\/uploads\/2019\/11\/daviddavid-desktop-work_035-80x45.png 80w, https:\/\/hengowebsite.luong.fr\/wp-content\/uploads\/2019\/11\/daviddavid-desktop-work_035-300x169.png 300w\" sizes=\"(max-width: 450px) 100vw, 450px\" \/><\/div><\/div><\/div><\/div><div class=\"flex_column av_one_full  flex_column_div av-zero-column-padding first  avia-builder-el-33  el_after_av_one_full  el_before_av_one_full  column-top-margin\" style='border-radius:0px; '><section class=\"av_textblock_section \"  itemscope=\"itemscope\" itemtype=\"https:\/\/schema.org\/CreativeWork\" ><div class='avia_textblock  '   itemprop=\"text\" ><p>Maintenant, il faut choisir l\u2019endroit o\u00f9 vont etre stock\u00e9es les photos r\u00e9cup\u00e9r\u00e9es. Pour ceci, je me positionne avec les touches de direction et Entr\u00e9e pour choisir le r\u00e9pertoire. Je s\u00e9lectionne donc \/work\/recup-photos.<\/p>\n<\/div><\/section><\/div><div class=\"flex_column av_one_full  flex_column_div av-zero-column-padding first  avia-builder-el-35  el_after_av_one_full  el_before_av_one_full  column-top-margin\" style='border-radius:0px; '><div  class='avia-image-container  av-styling-    avia-builder-el-36  avia-builder-el-no-sibling  avia-align-center '  itemprop=\"image\" itemscope=\"itemscope\" itemtype=\"https:\/\/schema.org\/ImageObject\"  ><div class='avia-image-container-inner'><div class='avia-image-overlay-wrap'><img decoding=\"async\" class='wp-image-6005 avia-img-lazy-loading-not-6005 avia_image' src=\"https:\/\/hengowebsite.luong.fr\/wp-content\/uploads\/2019\/11\/daviddavid-desktop-work_036.png\" alt='' title='daviddavid-desktop-work_036' height=\"253\" width=\"450\"  itemprop=\"thumbnailUrl\" srcset=\"https:\/\/hengowebsite.luong.fr\/wp-content\/uploads\/2019\/11\/daviddavid-desktop-work_036.png 450w, https:\/\/hengowebsite.luong.fr\/wp-content\/uploads\/2019\/11\/daviddavid-desktop-work_036-80x45.png 80w, https:\/\/hengowebsite.luong.fr\/wp-content\/uploads\/2019\/11\/daviddavid-desktop-work_036-300x169.png 300w\" sizes=\"(max-width: 450px) 100vw, 450px\" \/><\/div><\/div><\/div><\/div><div class=\"flex_column av_one_full  flex_column_div av-zero-column-padding first  avia-builder-el-37  el_after_av_one_full  el_before_av_one_full  column-top-margin\" style='border-radius:0px; '><section class=\"av_textblock_section \"  itemscope=\"itemscope\" itemtype=\"https:\/\/schema.org\/CreativeWork\" ><div class='avia_textblock  '   itemprop=\"text\" ><p>Pour lancer la r\u00e9cup\u00e9ration , il faut appuyer sur la touche :\u00a0<strong>Y<br \/>\n<\/strong>Et c\u2019est parti, voil\u00e0 d\u00e9j\u00e0 10 de r\u00e9cup\u00e9r\u00e9es \u2026<\/p>\n<\/div><\/section><\/div><div class=\"flex_column av_one_full  flex_column_div av-zero-column-padding first  avia-builder-el-39  el_after_av_one_full  el_before_av_one_full  column-top-margin\" style='border-radius:0px; '><div  class='avia-image-container  av-styling-    avia-builder-el-40  avia-builder-el-no-sibling  avia-align-center '  itemprop=\"image\" itemscope=\"itemscope\" itemtype=\"https:\/\/schema.org\/ImageObject\"  ><div class='avia-image-container-inner'><div class='avia-image-overlay-wrap'><img decoding=\"async\" class='wp-image-6006 avia-img-lazy-loading-not-6006 avia_image' src=\"https:\/\/hengowebsite.luong.fr\/wp-content\/uploads\/2019\/11\/daviddavid-desktop-work_037.png\" alt='' title='daviddavid-desktop-work_037' height=\"253\" width=\"450\"  itemprop=\"thumbnailUrl\" srcset=\"https:\/\/hengowebsite.luong.fr\/wp-content\/uploads\/2019\/11\/daviddavid-desktop-work_037.png 450w, https:\/\/hengowebsite.luong.fr\/wp-content\/uploads\/2019\/11\/daviddavid-desktop-work_037-80x45.png 80w, https:\/\/hengowebsite.luong.fr\/wp-content\/uploads\/2019\/11\/daviddavid-desktop-work_037-300x169.png 300w\" sizes=\"(max-width: 450px) 100vw, 450px\" \/><\/div><\/div><\/div><\/div><div class=\"flex_column av_one_full  flex_column_div av-zero-column-padding first  avia-builder-el-41  el_after_av_one_full  el_before_av_one_full  column-top-margin\" style='border-radius:0px; '><section class=\"av_textblock_section \"  itemscope=\"itemscope\" itemtype=\"https:\/\/schema.org\/CreativeWork\" ><div class='avia_textblock  '   itemprop=\"text\" ><p>Au fur et \u00e0 mesure de la r\u00e9cup\u00e9ration, le logiciel peut cr\u00e9er plusieurs r\u00e9pertoires sous \/work\/recup-photos avec les noms recup_dir.X avec X un nombre. Par exemple ici, le r\u00e9pertoire recup_dir.1 avec les photos r\u00e9cup\u00e9r\u00e9es\u2026 yes \u2026. ca fonctionne !! laissons le finir \u2026<\/p>\n<\/div><\/section><\/div><div class=\"flex_column av_one_full  flex_column_div av-zero-column-padding first  avia-builder-el-43  el_after_av_one_full  el_before_av_one_full  column-top-margin\" style='border-radius:0px; '><div  class='avia-image-container  av-styling-    avia-builder-el-44  avia-builder-el-no-sibling  avia-align-center '  itemprop=\"image\" itemscope=\"itemscope\" itemtype=\"https:\/\/schema.org\/ImageObject\"  ><div class='avia-image-container-inner'><div class='avia-image-overlay-wrap'><img decoding=\"async\" class='wp-image-6007 avia-img-lazy-loading-not-6007 avia_image' src=\"https:\/\/hengowebsite.luong.fr\/wp-content\/uploads\/2019\/11\/recup_dir1c2a0-c2a0navigateur-de-fichiers_039.png\" alt='' title='recup_dir1c2a0-c2a0navigateur-de-fichiers_039' height=\"266\" width=\"450\"  itemprop=\"thumbnailUrl\" srcset=\"https:\/\/hengowebsite.luong.fr\/wp-content\/uploads\/2019\/11\/recup_dir1c2a0-c2a0navigateur-de-fichiers_039.png 450w, https:\/\/hengowebsite.luong.fr\/wp-content\/uploads\/2019\/11\/recup_dir1c2a0-c2a0navigateur-de-fichiers_039-80x47.png 80w, https:\/\/hengowebsite.luong.fr\/wp-content\/uploads\/2019\/11\/recup_dir1c2a0-c2a0navigateur-de-fichiers_039-300x177.png 300w\" sizes=\"(max-width: 450px) 100vw, 450px\" \/><\/div><\/div><\/div><\/div><div class=\"flex_column av_one_full  flex_column_div av-zero-column-padding first  avia-builder-el-45  el_after_av_one_full  el_before_av_one_full  column-top-margin\" style='border-radius:0px; '><section class=\"av_textblock_section \"  itemscope=\"itemscope\" itemtype=\"https:\/\/schema.org\/CreativeWork\" ><div class='avia_textblock  '   itemprop=\"text\" ><p>Apr\u00e8s la fin de la r\u00e9cup\u00e9ration qui \u00e0 dur\u00e9 environ 30 mn, je peux constater que les photos de ma semaine de vacances sont bien pr\u00e9sentes dans les diff\u00e9rents r\u00e9pertoires recup_dir.X. Ouf\u2026 merci photorec !<\/p>\n<\/div><\/section><\/div><div class=\"flex_column av_one_full  flex_column_div av-zero-column-padding first  avia-builder-el-47  el_after_av_one_full  el_before_av_one_full  column-top-margin\" style='border-radius:0px; '><div  class='avia-image-container  av-styling-    avia-builder-el-48  avia-builder-el-no-sibling  avia-align-center '  itemprop=\"image\" itemscope=\"itemscope\" itemtype=\"https:\/\/schema.org\/ImageObject\"  ><div class='avia-image-container-inner'><div class='avia-image-overlay-wrap'><img decoding=\"async\" class='wp-image-6008 avia-img-lazy-loading-not-6008 avia_image' src=\"https:\/\/hengowebsite.luong.fr\/wp-content\/uploads\/2019\/11\/daviddavid-desktop-work_040.png\" alt='' title='daviddavid-desktop-work_040' height=\"225\" width=\"449\"  itemprop=\"thumbnailUrl\" srcset=\"https:\/\/hengowebsite.luong.fr\/wp-content\/uploads\/2019\/11\/daviddavid-desktop-work_040.png 449w, https:\/\/hengowebsite.luong.fr\/wp-content\/uploads\/2019\/11\/daviddavid-desktop-work_040-80x40.png 80w, https:\/\/hengowebsite.luong.fr\/wp-content\/uploads\/2019\/11\/daviddavid-desktop-work_040-300x150.png 300w\" sizes=\"(max-width: 449px) 100vw, 449px\" \/><\/div><\/div><\/div><\/div><div class=\"flex_column av_one_full  flex_column_div av-zero-column-padding first  avia-builder-el-49  el_after_av_one_full  el_before_av_one_full  column-top-margin\" style='border-radius:0px; '><div  class='avia-image-container  av-styling-    avia-builder-el-50  avia-builder-el-no-sibling  avia-align-center '  itemprop=\"image\" itemscope=\"itemscope\" itemtype=\"https:\/\/schema.org\/ImageObject\"  ><div class='avia-image-container-inner'><div class='avia-image-overlay-wrap'><img decoding=\"async\" class='wp-image-6009 avia-img-lazy-loading-not-6009 avia_image' src=\"https:\/\/hengowebsite.luong.fr\/wp-content\/uploads\/2019\/11\/selection_041.png\" alt='' title='selection_041' height=\"126\" width=\"450\"  itemprop=\"thumbnailUrl\" srcset=\"https:\/\/hengowebsite.luong.fr\/wp-content\/uploads\/2019\/11\/selection_041.png 450w, https:\/\/hengowebsite.luong.fr\/wp-content\/uploads\/2019\/11\/selection_041-80x22.png 80w, https:\/\/hengowebsite.luong.fr\/wp-content\/uploads\/2019\/11\/selection_041-300x84.png 300w\" sizes=\"(max-width: 450px) 100vw, 450px\" \/><\/div><\/div><\/div><\/div><div class=\"flex_column av_one_full  flex_column_div av-zero-column-padding first  avia-builder-el-51  el_after_av_one_full  avia-builder-el-last  column-top-margin\" style='border-radius:0px; '><section class=\"av_textblock_section \"  itemscope=\"itemscope\" itemtype=\"https:\/\/schema.org\/CreativeWork\" ><div class='avia_textblock  '   itemprop=\"text\" ><p>Apr\u00e8s la fin de la r\u00e9cup\u00e9ration qui \u00e0 dur\u00e9 environ 30 mn, je peux constater que les photos de ma semaine de vacances sont bien pr\u00e9sentes dans les diff\u00e9rents r\u00e9pertoires recup_dir.X. Ouf\u2026 merci photorec !<\/p>\n<\/div><\/section><\/div><\/p>\n","protected":false},"excerpt":{"rendered":"","protected":false},"author":1,"featured_media":0,"parent":0,"menu_order":0,"comment_status":"closed","ping_status":"closed","template":"","meta":{"ngg_post_thumbnail":0},"_links":{"self":[{"href":"https:\/\/hengowebsite.luong.fr\/index.php?rest_route=\/wp\/v2\/pages\/5937"}],"collection":[{"href":"https:\/\/hengowebsite.luong.fr\/index.php?rest_route=\/wp\/v2\/pages"}],"about":[{"href":"https:\/\/hengowebsite.luong.fr\/index.php?rest_route=\/wp\/v2\/types\/page"}],"author":[{"embeddable":true,"href":"https:\/\/hengowebsite.luong.fr\/index.php?rest_route=\/wp\/v2\/users\/1"}],"replies":[{"embeddable":true,"href":"https:\/\/hengowebsite.luong.fr\/index.php?rest_route=%2Fwp%2Fv2%2Fcomments&post=5937"}],"version-history":[{"count":12,"href":"https:\/\/hengowebsite.luong.fr\/index.php?rest_route=\/wp\/v2\/pages\/5937\/revisions"}],"predecessor-version":[{"id":6013,"href":"https:\/\/hengowebsite.luong.fr\/index.php?rest_route=\/wp\/v2\/pages\/5937\/revisions\/6013"}],"wp:attachment":[{"href":"https:\/\/hengowebsite.luong.fr\/index.php?rest_route=%2Fwp%2Fv2%2Fmedia&parent=5937"}],"curies":[{"name":"wp","href":"https:\/\/api.w.org\/{rel}","templated":true}]}}