{"id":5140,"date":"2016-05-12T19:42:33","date_gmt":"2016-05-12T19:42:33","guid":{"rendered":"http:\/\/mywebsite.manhengluong.com\/?page_id=5140"},"modified":"2016-05-12T19:55:22","modified_gmt":"2016-05-12T19:55:22","slug":"riz-cantonnais","status":"publish","type":"page","link":"https:\/\/hengowebsite.luong.fr\/?page_id=5140","title":{"rendered":"Riz cantonnais"},"content":{"rendered":"<div class=\"flex_column av_one_full  flex_column_div first  avia-builder-el-0  el_before_av_one_half  avia-builder-el-first  \" ><section class=\"av_textblock_section \"  itemscope=\"itemscope\" itemtype=\"https:\/\/schema.org\/CreativeWork\" ><div class='avia_textblock  '   itemprop=\"text\" ><p>Sans doute l\u2019un des plats les plus populaires et les plus r\u00e9pandus en occident, le riz cantonais s\u00e9duit avant tout par sa simplicit\u00e9 mais aussi par sa diversit\u00e9. On trouve en effet de multiples recettes toutes aussi diff\u00e9rentes les unes que les autres, mais toutes aussi savoureuses. Oui, vous aussi pouvez improviser votre propre recette selon vos envies!<\/p>\n<\/div><\/section><\/div>\n<div class=\"flex_column av_one_half  flex_column_div first  avia-builder-el-2  el_after_av_one_full  el_before_av_one_half  column-top-margin\" ><section class=\"av_textblock_section \"  itemscope=\"itemscope\" itemtype=\"https:\/\/schema.org\/CreativeWork\" ><div class='avia_textblock  '   itemprop=\"text\" ><p>La version que je pr\u00e9f\u00e8re et que je vais vous pr\u00e9senter contient des saucisses chinoises (appel\u00e9es l\u00e0ch\u00e1ng en chinois). Un v\u00e9ritable d\u00e9lice!! Pour ceux qui ne connaissent pas, ce sont des saucisses de couleur rouge, compos\u00e9es de porc et d\u2019\u00e9pices, au go\u00fbt un peu sucr\u00e9. Elles sont vendues dans la majorit\u00e9 des supermarch\u00e9s asiatiques mais j\u2019ai l\u2019habitude de les acheter chez mon charcutier dans le 13\u00e8me arrondissement de Paris car elles sont tout simplement exquises et toujours fra\u00eeches!<\/p>\n<p>La version que je pr\u00e9f\u00e8re et que je vais vous pr\u00e9senter contient des saucisses chinoises (appel\u00e9es l\u00e0ch\u00e1ng en chinois). Un v\u00e9ritable d\u00e9lice!! Pour ceux qui ne connaissent pas, ce sont des saucisses de couleur rouge, compos\u00e9es de porc et d\u2019\u00e9pices, au go\u00fbt un peu sucr\u00e9. Elles sont vendues dans la majorit\u00e9 des supermarch\u00e9s asiatiques mais j\u2019ai l\u2019habitude de les acheter chez mon charcutier dans le 13\u00e8me arrondissement de Paris car elles sont tout simplement exquises et toujours fra\u00eeches!<\/p>\n<\/div><\/section><\/div>\n<div class=\"flex_column av_one_half  flex_column_div   avia-builder-el-4  el_after_av_one_half  el_before_av_one_full  column-top-margin\" ><div  class='avia-image-container  av-styling-    avia-builder-el-5  avia-builder-el-no-sibling  avia-align-center '  itemprop=\"image\" itemscope=\"itemscope\" itemtype=\"https:\/\/schema.org\/ImageObject\"  ><div class='avia-image-container-inner'><div class='avia-image-overlay-wrap'><img decoding=\"async\" class='wp-image-5141 avia-img-lazy-loading-not-5141 avia_image' src=\"https:\/\/hengowebsite.luong.fr\/wp-content\/uploads\/2016\/05\/Riz-cantonais1.jpg\" alt='' title='Riz-cantonais1' height=\"480\" width=\"640\"  itemprop=\"thumbnailUrl\" srcset=\"https:\/\/hengowebsite.luong.fr\/wp-content\/uploads\/2016\/05\/Riz-cantonais1.jpg 640w, https:\/\/hengowebsite.luong.fr\/wp-content\/uploads\/2016\/05\/Riz-cantonais1-80x60.jpg 80w, https:\/\/hengowebsite.luong.fr\/wp-content\/uploads\/2016\/05\/Riz-cantonais1-300x225.jpg 300w, https:\/\/hengowebsite.luong.fr\/wp-content\/uploads\/2016\/05\/Riz-cantonais1-450x338.jpg 450w\" sizes=\"(max-width: 640px) 100vw, 640px\" \/><\/div><\/div><\/div><\/div>\n<div class=\"flex_column av_one_full  flex_column_div first  avia-builder-el-6  el_after_av_one_half  el_before_av_one_full  column-top-margin\" ><section class=\"av_textblock_section \"  itemscope=\"itemscope\" itemtype=\"https:\/\/schema.org\/CreativeWork\" ><div class='avia_textblock  '   itemprop=\"text\" ><p>Essayez cette recette tr\u00e8s rapide et tr\u00e8s facile \u00e0 r\u00e9aliser, vous d\u00e9couvrirez une alternative savoureuse \u00e0 celle qui utilise des cubes de jambon de porc (que l\u2019on trouve dans la majorit\u00e9 des restaurants). C\u2019est en plus une recette vraiment pratique car elle permet de \u00ab recycler \u00bb les restes de nourriture comme le riz blanc cuit de la veille par exemple! Je sais de quoi je parle car j\u2019en fais toujours plus que pr\u00e9vu!!! &#x1f61b;<\/p>\n<p>Enfin, lorsque vous en aurez assez du riz cantonais \u00e0 ma fa\u00e7on :-), rien de plus simple que de changer! Mettez alors ce qu\u2019il vous plaira au gr\u00e9 de vos envies ou ce qu\u2019il vous restera dans le frigo!!!<\/p>\n<\/div><\/section><\/div>\n<div class=\"flex_column av_one_full  flex_column_div first  avia-builder-el-8  el_after_av_one_full  el_before_av_one_full  column-top-margin\" ><div  style='padding-bottom:10px; ' class='av-special-heading av-special-heading-h3    avia-builder-el-9  avia-builder-el-no-sibling  '><h3 class='av-special-heading-tag '  itemprop=\"headline\"  >Ingr\u00e9dients pour 4 personnes :<\/h3><div class='special-heading-border'><div class='special-heading-inner-border' ><\/div><\/div><\/div><\/div><div class=\"flex_column av_one_full  flex_column_div first  avia-builder-el-10  el_after_av_one_full  el_before_av_heading  column-top-margin\" ><section class=\"av_textblock_section \"  itemscope=\"itemscope\" itemtype=\"https:\/\/schema.org\/CreativeWork\" ><div class='avia_textblock  '   itemprop=\"text\" ><p>\u20221 kg de riz blanc parfum\u00e9 cuit<br \/>\n\u2022200g de petits pois surgel\u00e9s<br \/>\n\u20224 \u0153ufs frais<br \/>\n\u20224 saucisses chinoises<br \/>\n\u20226 cuill\u00e8res \u00e0 soupe de vin de riz Shaoxing<br \/>\n\u20222 cuill\u00e8re \u00e0 soupe de sauce soja claire<br \/>\n\u20221 cuill\u00e8re \u00e0 caf\u00e9 rase de sel<br \/>\n\u20221\/2 cuill\u00e8re \u00e0 caf\u00e9 de sucre<br \/>\n\u20223 pinc\u00e9es de poivre<br \/>\n\u20222 cuill\u00e8res \u00e0 soupe d\u2019huile d\u2019arachide<\/p>\n<\/div><\/section><\/div><div  style='padding-bottom:10px; ' class='av-special-heading av-special-heading-h3    avia-builder-el-12  el_after_av_one_full  el_before_av_one_full  '><h3 class='av-special-heading-tag '  itemprop=\"headline\"  >Pr\u00e9paration et cuisson : 40 minutes<\/h3><div class='special-heading-border'><div class='special-heading-inner-border' ><\/div><\/div><\/div><\/p>\n<div class=\"flex_column av_one_full  flex_column_div first  avia-builder-el-13  el_after_av_heading  el_before_av_one_full  \" ><section class=\"av_textblock_section \"  itemscope=\"itemscope\" itemtype=\"https:\/\/schema.org\/CreativeWork\" ><div class='avia_textblock  '   itemprop=\"text\" ><p>\u2022Battre les \u0153ufs dans un bol et r\u00e9server.<br \/>\n\u2022D\u00e9congeler les petits pois en les trempant dans un bol d\u2019eau ti\u00e8de pendant 2 minutes, \u00e9goutter et r\u00e9server.<br \/>\n\u2022Porter une casserole remplie d\u2019eau \u00e0 \u00e9bullition puis y plonger les saucisses. Laisser cuire pendant 5 minutes sur feu moyen et \u00e9goutter. Si possible, enlever leur boyau qui doit se d\u00e9tacher assez facilement. D\u00e9couper ensuite les saucisses en rondelles d\u2019un demi-centim\u00e8tre d\u2019\u00e9paisseur.<br \/>\n\u2022Dans un wok anti-adh\u00e9sif chaud, ajouter une cuill\u00e8re \u00e0 soupe d\u2019huile puis y faire dorer sur feu moyen les rondelles de saucisse pendant 5 minutes, r\u00e9server sur du papier absorbant et jeter l\u2019huile de cuisson.<br \/>\n\u2022D\u00e8s que le wok est chaud, ajouter une cuill\u00e8re \u00e0 soupe d\u2019huile d\u2019arachide et verser les \u0153ufs. Attendre une minute puis remuer sans cesse pour casser l\u2019omelette en morceaux et baissez un peu le feu.<br \/>\n\u2022Ajouter le riz cuit, bien m\u00e9langer pour r\u00e9partir les oeufs et a\u00e9rer le riz. Ajouter ensuite le sel, le poivre, le sucre, la sauce soja et le vin de riz, bien m\u00e9langer pendant cinq minutes.<br \/>\n\u2022Incorporer les petits pois et les rondelles de saucisse puis bien m\u00e9langer pendant encore deux minutes.<br \/>\n\u2022Servir imm\u00e9diatement. Bon app\u00e9tit!<\/p>\n<\/div><\/section><\/div><div class=\"flex_column av_one_full  flex_column_div first  avia-builder-el-15  el_after_av_one_full  avia-builder-el-last  column-top-margin\" ><\/div><\/p>\n","protected":false},"excerpt":{"rendered":"","protected":false},"author":1,"featured_media":0,"parent":0,"menu_order":0,"comment_status":"closed","ping_status":"closed","template":"","meta":{"ngg_post_thumbnail":0},"_links":{"self":[{"href":"https:\/\/hengowebsite.luong.fr\/index.php?rest_route=\/wp\/v2\/pages\/5140"}],"collection":[{"href":"https:\/\/hengowebsite.luong.fr\/index.php?rest_route=\/wp\/v2\/pages"}],"about":[{"href":"https:\/\/hengowebsite.luong.fr\/index.php?rest_route=\/wp\/v2\/types\/page"}],"author":[{"embeddable":true,"href":"https:\/\/hengowebsite.luong.fr\/index.php?rest_route=\/wp\/v2\/users\/1"}],"replies":[{"embeddable":true,"href":"https:\/\/hengowebsite.luong.fr\/index.php?rest_route=%2Fwp%2Fv2%2Fcomments&post=5140"}],"version-history":[{"count":2,"href":"https:\/\/hengowebsite.luong.fr\/index.php?rest_route=\/wp\/v2\/pages\/5140\/revisions"}],"predecessor-version":[{"id":5143,"href":"https:\/\/hengowebsite.luong.fr\/index.php?rest_route=\/wp\/v2\/pages\/5140\/revisions\/5143"}],"wp:attachment":[{"href":"https:\/\/hengowebsite.luong.fr\/index.php?rest_route=%2Fwp%2Fv2%2Fmedia&parent=5140"}],"curies":[{"name":"wp","href":"https:\/\/api.w.org\/{rel}","templated":true}]}}